{"id":1119,"date":"2025-03-26T14:30:25","date_gmt":"2025-03-26T19:30:25","guid":{"rendered":"http:\/\/172.16.1.1\/tienda\/?post_type=product&#038;p=1119"},"modified":"2025-05-27T10:54:56","modified_gmt":"2025-05-27T15:54:56","slug":"cpe510-ap-ext-5ghz-300mb-tp-link","status":"publish","type":"product","link":"https:\/\/ctsaul.com\/tienda\/producto\/cpe510-ap-ext-5ghz-300mb-tp-link\/","title":{"rendered":"CPE510 AP EXT 5GHZ 300MB TP-LINK"},"content":{"rendered":"<h3>CPE de Exterior de 13dBi en 5GHz a 300Mbps<\/h3>\n<p>-Antenas MIMO direccionales doblemente polarizadas de 13dBi y 2&#215;2<br \/>\n-Potencia de transmisi\u00f3n ajustable de 0 a 23 dBm.<br \/>\n-Optimizaciones a nivel de sistema para la transmisi\u00f3n inal\u00e1mbrica de m\u00e1s de 15 kil\u00f3metros de alcance<br \/>\n-La tecnolog\u00eda TP LINK Pharos MAXtream TDMA Time Division Multiple Access mejora el rendimiento del producto, la capacidad y la latencia, ideal para aplicaciones PTMP<br \/>\n-Sistema de Gesti\u00f3n Centralizada Pharos Control<br \/>\n-Modos de operaci\u00f3n: AP Cliente AP Router AP Router Cliente WISP<br \/>\n-Adaptador PoE Pasivo admite un m\u00e1ximo de 60 metros 200 pies de implementaci\u00f3n PoE y permite que el dispositivo se resetee remotamente<\/p>\n<p>&nbsp;<\/p>\n<h3>CARACTER\u00cdSTICAS DE HARDWARE<\/h3>\n<p>-Procesador CPU Qualcomm Atheros Enterprise AR9350B 560MHz, MIPS 74Kc<br \/>\n-Memoria RAM DDR2 64MB, Flash 8MB<br \/>\n-Interfaz<br \/>\n-1 Puerto Ethernet Blindado 10 100Mbps LAN0, PoE pasivo de entrada<br \/>\n-1 Terminal de Toma de Tierra<br \/>\n-1 Bot\u00f3n de Reset<br \/>\n-Fuente de Alimentaci\u00f3n Adaptador PoE Pasivo v\u00eda LAN0 +4,5pins; -7,8pins<br \/>\n-Rango de Voltaje: 16-27VDC<br \/>\n-Consumo de Potencia M\u00e1ximo de 10,5 W<br \/>\n-Dimensiones 224 x 79 x 60 mm<br \/>\n-Tipo de Antena Antena Direccional Doblemente Polarizada 2&#215;2 de 13dBi<br \/>\n-Ancho de Haz: 45\u00b0 Plano-H 30\u00b0 Plano-E<br \/>\n-Protecci\u00f3n Protecci\u00f3n ESD de 15KV<br \/>\n-Protecci\u00f3n contra rayos de 6000V<br \/>\n-Carcasa Material pl\u00e1stico estabilizado ASA para exterior<br \/>\n-Certificaci\u00f3n contra agua IPX5<\/p>\n<p>CARACTER\u00cdSTICAS INAL\u00c1MBRICAS<\/p>\n<p>-Est\u00e1ndares Inal\u00e1mbricos IEEE 802.11an con Pharos MAXtream desactivado<br \/>\n-Protocolo Propietario Modo TDMA con Pharos MAXtream activado<br \/>\n-Velocidad Inal\u00e1mbrica Hasta 300Mbps 40MHz, Din\u00e1mico<br \/>\n-Hasta 144.4Mbps 20MHz, Din\u00e1mico<br \/>\n-Hasta 72.2Mbps (0MHz, Din\u00e1mico<br \/>\n-Hasta 36.1Mbps 5MHz, Din\u00e1mico<br \/>\n-Frecuencia 5.15~5.85GHz<br \/>\n-Potencia de Transmisi\u00f3n 27dBm 500mw Potencia Ajustable hasta 1dBm<br \/>\n-Nota: la potencia de transmisi\u00f3n m\u00e1xima puede variar a trav\u00e9s de diferentes canales en funci\u00f3n de las limitaciones de los pa\u00edses o regiones en los que se utiliza el dispositivo.<\/p>\n<p>CARACTER\u00cdSTICAS DE SOFTWARE<\/p>\n<p>-Configuraciones Inal\u00e1mbricas Tecnolog\u00eda TDMA MAXTream Pharos<br \/>\n-Modos 802.11an<br \/>\n-Ancho de Canal Seleccionable: 5-10-20-40MHz<br \/>\n-Selecci\u00f3n de Canal Autom\u00e1tico<br \/>\n-Control de Transmisi\u00f3n de Energ\u00eda<br \/>\n-Selecci\u00f3n de Frecuencia Din\u00e1mica DFS<br \/>\n-WDS Activado-Desactivado<br \/>\n-Seguridad: Encriptaci\u00f3n WPA WPA2, WPA PSK WPA2 PSK AES TKIP y Encriptaci\u00f3n WEP 64\/128\/152-bit<br \/>\n-SSID Broadcast Activado Desactivado<br \/>\n-Multi SSID con VLAN tagging solo en modo AP<br \/>\n-Ajustes de timeout en Distancia ACK<br \/>\n-Filtrado Inal\u00e1mbrico de Direcciones MAC<\/p>\n<p>CONTENIDO DE PAQUETE DE COMPRA<\/p>\n<p>-Contenido del Paquete CPE Inal\u00e1mbrico Exterior<br \/>\n-Adaptador PoE Pasivo de 24V 0.5A<br \/>\n-Correas de Montaje<br \/>\n-Cable de Corriente AC<br \/>\n-Gu\u00eda de Instalaci\u00f3n<\/p>\n","protected":false},"excerpt":{"rendered":"<p>CPE de Exterior de 13dBi en 5GHz a 300Mbps -Antenas MIMO direccionales doblemente polarizadas de 13dBi y 2&#215;2 -Potencia de transmisi\u00f3n ajustable de 0 a 23 dBm. -Optimizaciones a nivel de sistema para la transmisi\u00f3n inal\u00e1mbrica de m\u00e1s de 15 kil\u00f3metros de alcance -La tecnolog\u00eda TP LINK Pharos MAXtream TDMA Time Division Multiple Access mejora &hellip;<\/p>\n<p class=\"read-more\"> <a class=\" thunk-readmore button \" href=\"https:\/\/ctsaul.com\/tienda\/producto\/cpe510-ap-ext-5ghz-300mb-tp-link\/\"> <span class=\"screen-reader-text\">CPE510 AP EXT 5GHZ 300MB TP-LINK<\/span>Leer m\u00e1s<\/a><\/p>\n","protected":false},"featured_media":1120,"comment_status":"open","ping_status":"closed","template":"","meta":[],"product_brand":[124],"product_cat":[166,163,160],"product_tag":[],"class_list":{"0":"post-1119","1":"product","2":"type-product","3":"status-publish","4":"has-post-thumbnail","6":"product_brand-tp-link","7":"product_cat-access-point","8":"product_cat-punto-a-punto","9":"product_cat-redes","10":"thunk-woo-product-list","11":"opn-qv-enable","12":"big-store-woo-hover-zoom","13":"open-single-product-tab-horizontal","14":"open-shadow-","15":"open-shadow-hover-","17":"first","18":"instock","19":"sale","20":"taxable","21":"shipping-taxable","22":"purchasable","23":"product-type-simple"},"_links":{"self":[{"href":"https:\/\/ctsaul.com\/tienda\/wp-json\/wp\/v2\/product\/1119","targetHints":{"allow":["GET"]}}],"collection":[{"href":"https:\/\/ctsaul.com\/tienda\/wp-json\/wp\/v2\/product"}],"about":[{"href":"https:\/\/ctsaul.com\/tienda\/wp-json\/wp\/v2\/types\/product"}],"replies":[{"embeddable":true,"href":"https:\/\/ctsaul.com\/tienda\/wp-json\/wp\/v2\/comments?post=1119"}],"wp:featuredmedia":[{"embeddable":true,"href":"https:\/\/ctsaul.com\/tienda\/wp-json\/wp\/v2\/media\/1120"}],"wp:attachment":[{"href":"https:\/\/ctsaul.com\/tienda\/wp-json\/wp\/v2\/media?parent=1119"}],"wp:term":[{"taxonomy":"product_brand","embeddable":true,"href":"https:\/\/ctsaul.com\/tienda\/wp-json\/wp\/v2\/product_brand?post=1119"},{"taxonomy":"product_cat","embeddable":true,"href":"https:\/\/ctsaul.com\/tienda\/wp-json\/wp\/v2\/product_cat?post=1119"},{"taxonomy":"product_tag","embeddable":true,"href":"https:\/\/ctsaul.com\/tienda\/wp-json\/wp\/v2\/product_tag?post=1119"}],"curies":[{"name":"wp","href":"https:\/\/api.w.org\/{rel}","templated":true}]}}