{"id":1116,"date":"2025-03-26T14:07:32","date_gmt":"2025-03-26T19:07:32","guid":{"rendered":"http:\/\/172.16.1.1\/tienda\/?post_type=product&#038;p=1116"},"modified":"2025-05-27T10:55:06","modified_gmt":"2025-05-27T15:55:06","slug":"eap225-gigabit-ac1200-dual-2-4ghz-5ghz-outdoor-tp-link","status":"publish","type":"product","link":"https:\/\/ctsaul.com\/tienda\/producto\/eap225-gigabit-ac1200-dual-2-4ghz-5ghz-outdoor-tp-link\/","title":{"rendered":"EAP225 GIGABIT AC1200 DUAL 2.4GHZ &#8211; 5GHZ OUTDOOR TP-LINK"},"content":{"rendered":"<div class=\"box title\">\n<h1>Punto de Acceso AC1200 Wireless MU-MIMO de exterior\/interior<\/h1>\n<\/div>\n<div class=\"box highlights\">\n<ul>\n<li><strong>Ideal para entornos exteriores<\/strong>: carcasa resistente a la intemperie IP65 para aplicaciones Wi-Fi en exteriores.<\/li>\n<li><b>Wi-Fi r\u00e1pido de doble banda<\/b>: 300 Mbps simult\u00e1neos en 2,4 GHz y 867 Mbps en 5 GHz totalizan velocidades Wi-Fi de 1167 Mbps.<sup>\u00a0\u2020<\/sup><\/li>\n<li><strong>Cobertura de largo alcance<\/strong>: Amplificador de alta potencia dedicado y antenas profesionales junto con la tecnolog\u00eda 802.11ac Wave 2 MU-MIMO de \u00faltima generaci\u00f3n.<\/li>\n<li><strong>Integrado en Omada SDN<\/strong>: Zero-Touch Provisioning (ZTP)<sup>\u00a0\u2021<\/sup>\u00a0, administraci\u00f3n centralizada de la nube y monitoreo inteligente.<\/li>\n<li><strong>Administraci\u00f3n centralizad<\/strong>\u00a0: acceso a la nube y aplicaci\u00f3n Omada para una administraci\u00f3n ultra conveniente y f\u00e1cil.<\/li>\n<li><strong>Tecnolog\u00eda Omada Mesh<\/strong>: permite la conectividad inal\u00e1mbrica entre AP para un rango extendido, lo que hace que las implementaciones inal\u00e1mbricas sean m\u00e1s flexibles y convenientes.*<\/li>\n<li><strong>Roaming continuo<\/strong>: incluso las transmisiones de video y las llamadas de voz no se ven afectadas cuando los usuarios se mueven entre ubicaciones.*<\/li>\n<li><strong>Compatibilidad con PoE<\/strong>\u00a0: Admite tanto el est\u00e1ndar 802.3af\/at como el PoE pasivo (adaptador PoE incluido) para instalaciones flexibles.<\/li>\n<\/ul>\n<\/div>\n","protected":false},"excerpt":{"rendered":"<p>Punto de Acceso AC1200 Wireless MU-MIMO de exterior\/interior Ideal para entornos exteriores: carcasa resistente a la intemperie IP65 para aplicaciones Wi-Fi en exteriores. Wi-Fi r\u00e1pido de doble banda: 300 Mbps simult\u00e1neos en 2,4 GHz y 867 Mbps en 5 GHz totalizan velocidades Wi-Fi de 1167 Mbps.\u00a0\u2020 Cobertura de largo alcance: Amplificador de alta potencia dedicado &hellip;<\/p>\n<p class=\"read-more\"> <a class=\" thunk-readmore button \" href=\"https:\/\/ctsaul.com\/tienda\/producto\/eap225-gigabit-ac1200-dual-2-4ghz-5ghz-outdoor-tp-link\/\"> <span class=\"screen-reader-text\">EAP225 GIGABIT AC1200 DUAL 2.4GHZ &#8211; 5GHZ OUTDOOR TP-LINK<\/span>Leer m\u00e1s<\/a><\/p>\n","protected":false},"featured_media":1118,"comment_status":"open","ping_status":"closed","template":"","meta":[],"product_brand":[124],"product_cat":[166,160],"product_tag":[],"class_list":{"0":"post-1116","1":"product","2":"type-product","3":"status-publish","4":"has-post-thumbnail","6":"product_brand-tp-link","7":"product_cat-access-point","8":"product_cat-redes","9":"thunk-woo-product-list","10":"opn-qv-enable","11":"big-store-woo-hover-zoom","12":"open-single-product-tab-horizontal","13":"open-shadow-","14":"open-shadow-hover-","16":"first","17":"instock","18":"sale","19":"taxable","20":"shipping-taxable","21":"purchasable","22":"product-type-simple"},"_links":{"self":[{"href":"https:\/\/ctsaul.com\/tienda\/wp-json\/wp\/v2\/product\/1116","targetHints":{"allow":["GET"]}}],"collection":[{"href":"https:\/\/ctsaul.com\/tienda\/wp-json\/wp\/v2\/product"}],"about":[{"href":"https:\/\/ctsaul.com\/tienda\/wp-json\/wp\/v2\/types\/product"}],"replies":[{"embeddable":true,"href":"https:\/\/ctsaul.com\/tienda\/wp-json\/wp\/v2\/comments?post=1116"}],"wp:featuredmedia":[{"embeddable":true,"href":"https:\/\/ctsaul.com\/tienda\/wp-json\/wp\/v2\/media\/1118"}],"wp:attachment":[{"href":"https:\/\/ctsaul.com\/tienda\/wp-json\/wp\/v2\/media?parent=1116"}],"wp:term":[{"taxonomy":"product_brand","embeddable":true,"href":"https:\/\/ctsaul.com\/tienda\/wp-json\/wp\/v2\/product_brand?post=1116"},{"taxonomy":"product_cat","embeddable":true,"href":"https:\/\/ctsaul.com\/tienda\/wp-json\/wp\/v2\/product_cat?post=1116"},{"taxonomy":"product_tag","embeddable":true,"href":"https:\/\/ctsaul.com\/tienda\/wp-json\/wp\/v2\/product_tag?post=1116"}],"curies":[{"name":"wp","href":"https:\/\/api.w.org\/{rel}","templated":true}]}}