{"id":1111,"date":"2025-03-26T10:51:53","date_gmt":"2025-03-26T15:51:53","guid":{"rendered":"http:\/\/172.16.1.1\/tienda\/?post_type=product&#038;p=1111"},"modified":"2025-05-27T10:55:49","modified_gmt":"2025-05-27T15:55:49","slug":"eap225-ac1350-access-point-tp-link","status":"publish","type":"product","link":"https:\/\/ctsaul.com\/tienda\/producto\/eap225-ac1350-access-point-tp-link\/","title":{"rendered":"EAP225 AC1350 ACCESS POINT TP-LINK"},"content":{"rendered":"<div class=\"box title\">\n<h1>Punto de acceso inal\u00e1mbrico de Montaje en techo MU-MIMO Gigabit AC1350<\/h1>\n<\/div>\n<div class=\"box highlights\">\n<ul>\n<li>450Mbps simult\u00e1neos en 2.4GHz y 867Mbps en 5GHz totalizan velocidades de Wi-Fi de 1317Mbps<\/li>\n<li>Admite roaming continuo para que incluso las transmisiones de video y las llamadas de voz no se vean afectadas a medida que los usuarios se mueven entre ubicaciones<\/li>\n<li>Administraci\u00f3n centralizada en la nube y aplicaci\u00f3n Omada para mayor comodidad y f\u00e1cil administraci\u00f3n<\/li>\n<li>La compatibilidad con 802.3af y el soporte pasivo de PoE (adaptador PoE incluido) hace que la implementaci\u00f3n sea f\u00e1cil y flexible<\/li>\n<li>Red de invitados segura junto con m\u00faltiples opciones de autenticaci\u00f3n (SMS \/ Facebook Wi-Fi \/ Vale, etc.) y abundantes tecnolog\u00edas de seguridad inal\u00e1mbrica.<\/li>\n<li>Direcci\u00f3n de banda Mueve autom\u00e1ticamente los dispositivos de doble banda a la banda m\u00e1s amplia de 5 GHz para conexiones m\u00e1s r\u00e1pidas<\/li>\n<li>MU-MIMO significa que los puntos de acceso transfieren datos simult\u00e1neamente con m\u00faltiples dispositivos, acelerando las conexiones<\/li>\n<li>Beamforming concentra la se\u00f1al hacia donde m\u00e1s la necesita, proporcionando una experiencia Wi-Fi r\u00e1pida y estable<\/li>\n<li>Los horarios se pueden configurar para que los puntos de acceso se reinicien autom\u00e1ticamente y el Wi-Fi se active \/ desactive en el momento que elija.<\/li>\n<\/ul>\n<\/div>\n","protected":false},"excerpt":{"rendered":"<p>Punto de acceso inal\u00e1mbrico de Montaje en techo MU-MIMO Gigabit AC1350 450Mbps simult\u00e1neos en 2.4GHz y 867Mbps en 5GHz totalizan velocidades de Wi-Fi de 1317Mbps Admite roaming continuo para que incluso las transmisiones de video y las llamadas de voz no se vean afectadas a medida que los usuarios se mueven entre ubicaciones Administraci\u00f3n centralizada &hellip;<\/p>\n<p class=\"read-more\"> <a class=\" thunk-readmore button \" href=\"https:\/\/ctsaul.com\/tienda\/producto\/eap225-ac1350-access-point-tp-link\/\"> <span class=\"screen-reader-text\">EAP225 AC1350 ACCESS POINT TP-LINK<\/span>Leer m\u00e1s<\/a><\/p>\n","protected":false},"featured_media":1112,"comment_status":"open","ping_status":"closed","template":"","meta":[],"product_brand":[124],"product_cat":[166,160],"product_tag":[],"class_list":{"0":"post-1111","1":"product","2":"type-product","3":"status-publish","4":"has-post-thumbnail","6":"product_brand-tp-link","7":"product_cat-access-point","8":"product_cat-redes","9":"thunk-woo-product-list","10":"opn-qv-enable","11":"big-store-woo-hover-zoom","12":"open-single-product-tab-horizontal","13":"open-shadow-","14":"open-shadow-hover-","16":"first","17":"instock","18":"sale","19":"taxable","20":"shipping-taxable","21":"purchasable","22":"product-type-simple"},"_links":{"self":[{"href":"https:\/\/ctsaul.com\/tienda\/wp-json\/wp\/v2\/product\/1111","targetHints":{"allow":["GET"]}}],"collection":[{"href":"https:\/\/ctsaul.com\/tienda\/wp-json\/wp\/v2\/product"}],"about":[{"href":"https:\/\/ctsaul.com\/tienda\/wp-json\/wp\/v2\/types\/product"}],"replies":[{"embeddable":true,"href":"https:\/\/ctsaul.com\/tienda\/wp-json\/wp\/v2\/comments?post=1111"}],"wp:featuredmedia":[{"embeddable":true,"href":"https:\/\/ctsaul.com\/tienda\/wp-json\/wp\/v2\/media\/1112"}],"wp:attachment":[{"href":"https:\/\/ctsaul.com\/tienda\/wp-json\/wp\/v2\/media?parent=1111"}],"wp:term":[{"taxonomy":"product_brand","embeddable":true,"href":"https:\/\/ctsaul.com\/tienda\/wp-json\/wp\/v2\/product_brand?post=1111"},{"taxonomy":"product_cat","embeddable":true,"href":"https:\/\/ctsaul.com\/tienda\/wp-json\/wp\/v2\/product_cat?post=1111"},{"taxonomy":"product_tag","embeddable":true,"href":"https:\/\/ctsaul.com\/tienda\/wp-json\/wp\/v2\/product_tag?post=1111"}],"curies":[{"name":"wp","href":"https:\/\/api.w.org\/{rel}","templated":true}]}}