{"id":1106,"date":"2025-03-25T17:26:15","date_gmt":"2025-03-25T22:26:15","guid":{"rendered":"http:\/\/172.16.1.1\/tienda\/?post_type=product&#038;p=1106"},"modified":"2025-05-27T17:05:38","modified_gmt":"2025-05-27T22:05:38","slug":"switch-tl-sg1016d-16-port-gigabit-tp-link","status":"publish","type":"product","link":"https:\/\/ctsaul.com\/tienda\/producto\/switch-tl-sg1016d-16-port-gigabit-tp-link\/","title":{"rendered":"SWITCH TL-SG1016D 16 PORT GIGABIT TP-LINK"},"content":{"rendered":"<div class=\"box title\">\n<div>\n<h3 class=\"product-name\">TL-SG1016D<\/h3>\n<\/div>\n<h3>Switch con Base de Montaje \/ de Escritorio de 16 Puertos Gigabit<\/h3>\n<\/div>\n<div class=\"box highlights\">\n<ul>\n<li>16 puertos 10\/100\/1000 Mbps<\/li>\n<li>Innovadora tecnolog\u00eda de eficiencia energ\u00e9tica para ahorrar energ\u00eda hasta un 40% *<\/li>\n<li>Es compatible con direcci\u00f3n MAC auto-aprendizaje, Auto MDI \/ MDIX y Auto-negociaci\u00f3n<\/li>\n<li>Plug &amp; play<br \/>\n<h3>Para qu\u00e9 sirve este producto<\/h3>\n<p>El Switch TL-SG1016D Gigabit Ethernet le ofrece una actualizaci\u00f3n de alto rendimiento a bajo costo, f\u00e1cil de usar, sin fisuras y est\u00e1ndar para mejorar la red antigua a una red de 1000Mbps. Todos sus 16 puertos soportan auto MDI \/ MDIX; por lo que no hay necesidad de preocuparse por el tipo de cable, s\u00f3lo tiene que enchufar y listo. Por otra parte, con su innovadora tecnolog\u00eda de eficiencia energ\u00e9tica, el TL-SG1016D puede ahorrar hasta un 15% del consumo de energ\u00eda<\/li>\n<\/ul>\n<\/div>\n","protected":false},"excerpt":{"rendered":"<p>TL-SG1016D Switch con Base de Montaje \/ de Escritorio de 16 Puertos Gigabit 16 puertos 10\/100\/1000 Mbps Innovadora tecnolog\u00eda de eficiencia energ\u00e9tica para ahorrar energ\u00eda hasta un 40% * Es compatible con direcci\u00f3n MAC auto-aprendizaje, Auto MDI \/ MDIX y Auto-negociaci\u00f3n Plug &amp; play Para qu\u00e9 sirve este producto El Switch TL-SG1016D Gigabit Ethernet le &hellip;<\/p>\n<p class=\"read-more\"> <a class=\" thunk-readmore button \" href=\"https:\/\/ctsaul.com\/tienda\/producto\/switch-tl-sg1016d-16-port-gigabit-tp-link\/\"> <span class=\"screen-reader-text\">SWITCH TL-SG1016D 16 PORT GIGABIT TP-LINK<\/span>Leer m\u00e1s<\/a><\/p>\n","protected":false},"featured_media":1107,"comment_status":"open","ping_status":"closed","template":"","meta":[],"product_brand":[124],"product_cat":[160,164],"product_tag":[],"class_list":{"0":"post-1106","1":"product","2":"type-product","3":"status-publish","4":"has-post-thumbnail","6":"product_brand-tp-link","7":"product_cat-redes","8":"product_cat-switch-de-red","9":"thunk-woo-product-list","10":"opn-qv-enable","11":"big-store-woo-hover-zoom","12":"open-single-product-tab-horizontal","13":"open-shadow-","14":"open-shadow-hover-","16":"first","17":"instock","18":"sale","19":"taxable","20":"shipping-taxable","21":"purchasable","22":"product-type-simple"},"_links":{"self":[{"href":"https:\/\/ctsaul.com\/tienda\/wp-json\/wp\/v2\/product\/1106","targetHints":{"allow":["GET"]}}],"collection":[{"href":"https:\/\/ctsaul.com\/tienda\/wp-json\/wp\/v2\/product"}],"about":[{"href":"https:\/\/ctsaul.com\/tienda\/wp-json\/wp\/v2\/types\/product"}],"replies":[{"embeddable":true,"href":"https:\/\/ctsaul.com\/tienda\/wp-json\/wp\/v2\/comments?post=1106"}],"wp:featuredmedia":[{"embeddable":true,"href":"https:\/\/ctsaul.com\/tienda\/wp-json\/wp\/v2\/media\/1107"}],"wp:attachment":[{"href":"https:\/\/ctsaul.com\/tienda\/wp-json\/wp\/v2\/media?parent=1106"}],"wp:term":[{"taxonomy":"product_brand","embeddable":true,"href":"https:\/\/ctsaul.com\/tienda\/wp-json\/wp\/v2\/product_brand?post=1106"},{"taxonomy":"product_cat","embeddable":true,"href":"https:\/\/ctsaul.com\/tienda\/wp-json\/wp\/v2\/product_cat?post=1106"},{"taxonomy":"product_tag","embeddable":true,"href":"https:\/\/ctsaul.com\/tienda\/wp-json\/wp\/v2\/product_tag?post=1106"}],"curies":[{"name":"wp","href":"https:\/\/api.w.org\/{rel}","templated":true}]}}