{"id":1104,"date":"2025-03-25T17:09:39","date_gmt":"2025-03-25T22:09:39","guid":{"rendered":"http:\/\/172.16.1.1\/tienda\/?post_type=product&#038;p=1104"},"modified":"2025-05-27T17:05:25","modified_gmt":"2025-05-27T22:05:25","slug":"switch-tl-sf1016d-16-port-tp-link","status":"publish","type":"product","link":"https:\/\/ctsaul.com\/tienda\/producto\/switch-tl-sf1016d-16-port-tp-link\/","title":{"rendered":"SWITCH TL-SF1016D 16 PORT TP-LINK"},"content":{"rendered":"<div class=\"box title\">\n<h1>Switch de 16 puertos a 10\/100Mbps de escritorio<\/h1>\n<\/div>\n<div class=\"box highlights\">\n<ul>\n<li>16 puertos RJ4510\/100 Mbps Auto-Negociaci\u00f3n, compatible con Auto MDI \/ MDIX<\/li>\n<li>Tecnolog\u00eda Green Ethernet ahorra la energ\u00eda hasta un 70%<\/li>\n<li>IEEE 802.3x control de flujo proporciona una transferencia de datos fiables<\/li>\n<li>Caja de pl\u00e1stico, dise\u00f1o de montaje de escritorio o en pared<\/li>\n<li>Plug and play, sin necesidad de configuraci\u00f3nEl Switch 10\/100Mbps de Escritorio \/ rack de 16 puertos TL-SF1016DS le proporciona una soluci\u00f3n de alto rendimiento, bajo costo, f\u00e1cil de usar, sin fisuras y est\u00e1ndar para mejorar su red antigua a una red de 100Mbps. Todos los puertos soportan auto 16 MDI \/ MDIX por lo que no hay necesidad de preocuparse por el tipo de cable, s\u00f3lo tiene que enchufar y listo. Por otra parte, con su innovadora tecnolog\u00eda de eficiencia energ\u00e9tica, el TL-SF1016DS puede ahorrar hasta un 70% * del consumo de energ\u00eda.<\/li>\n<\/ul>\n<\/div>\n","protected":false},"excerpt":{"rendered":"<p>Switch de 16 puertos a 10\/100Mbps de escritorio 16 puertos RJ4510\/100 Mbps Auto-Negociaci\u00f3n, compatible con Auto MDI \/ MDIX Tecnolog\u00eda Green Ethernet ahorra la energ\u00eda hasta un 70% IEEE 802.3x control de flujo proporciona una transferencia de datos fiables Caja de pl\u00e1stico, dise\u00f1o de montaje de escritorio o en pared Plug and play, sin necesidad &hellip;<\/p>\n<p class=\"read-more\"> <a class=\" thunk-readmore button \" href=\"https:\/\/ctsaul.com\/tienda\/producto\/switch-tl-sf1016d-16-port-tp-link\/\"> <span class=\"screen-reader-text\">SWITCH TL-SF1016D 16 PORT TP-LINK<\/span>Leer m\u00e1s<\/a><\/p>\n","protected":false},"featured_media":1105,"comment_status":"open","ping_status":"closed","template":"","meta":[],"product_brand":[124],"product_cat":[160,164],"product_tag":[],"class_list":{"0":"post-1104","1":"product","2":"type-product","3":"status-publish","4":"has-post-thumbnail","6":"product_brand-tp-link","7":"product_cat-redes","8":"product_cat-switch-de-red","9":"thunk-woo-product-list","10":"opn-qv-enable","11":"big-store-woo-hover-zoom","12":"open-single-product-tab-horizontal","13":"open-shadow-","14":"open-shadow-hover-","16":"first","17":"instock","18":"sale","19":"taxable","20":"shipping-taxable","21":"purchasable","22":"product-type-simple"},"_links":{"self":[{"href":"https:\/\/ctsaul.com\/tienda\/wp-json\/wp\/v2\/product\/1104","targetHints":{"allow":["GET"]}}],"collection":[{"href":"https:\/\/ctsaul.com\/tienda\/wp-json\/wp\/v2\/product"}],"about":[{"href":"https:\/\/ctsaul.com\/tienda\/wp-json\/wp\/v2\/types\/product"}],"replies":[{"embeddable":true,"href":"https:\/\/ctsaul.com\/tienda\/wp-json\/wp\/v2\/comments?post=1104"}],"wp:featuredmedia":[{"embeddable":true,"href":"https:\/\/ctsaul.com\/tienda\/wp-json\/wp\/v2\/media\/1105"}],"wp:attachment":[{"href":"https:\/\/ctsaul.com\/tienda\/wp-json\/wp\/v2\/media?parent=1104"}],"wp:term":[{"taxonomy":"product_brand","embeddable":true,"href":"https:\/\/ctsaul.com\/tienda\/wp-json\/wp\/v2\/product_brand?post=1104"},{"taxonomy":"product_cat","embeddable":true,"href":"https:\/\/ctsaul.com\/tienda\/wp-json\/wp\/v2\/product_cat?post=1104"},{"taxonomy":"product_tag","embeddable":true,"href":"https:\/\/ctsaul.com\/tienda\/wp-json\/wp\/v2\/product_tag?post=1104"}],"curies":[{"name":"wp","href":"https:\/\/api.w.org\/{rel}","templated":true}]}}