{"id":1099,"date":"2025-03-25T16:37:23","date_gmt":"2025-03-25T21:37:23","guid":{"rendered":"http:\/\/172.16.1.1\/tienda\/?post_type=product&#038;p=1099"},"modified":"2025-05-27T14:13:06","modified_gmt":"2025-05-27T19:13:06","slug":"router-tl-wr841hp-tp-link","status":"publish","type":"product","link":"https:\/\/ctsaul.com\/tienda\/producto\/router-tl-wr841hp-tp-link\/","title":{"rendered":"ROUTER TL-WR841HP  TP-LINK"},"content":{"rendered":"<div class=\"box title\">\n<h1>Router Inal\u00e1mbrico Alta Potencia N 300Mbps<\/h1>\n<\/div>\n<div class=\"box highlights\">\n<ul>\n<li>El amplificador de alta potencia y las antenas de 9dBi proporcionan 4 veces el rango inal\u00e1mbrico de un router normal<\/li>\n<li>La se\u00f1al Wi-Fi mejorada penetra paredes y obst\u00e1culos eliminando zonas sin recepci\u00f3n<\/li>\n<li>2 veces la velocidad inal\u00e1mbrica de un router normal a trav\u00e9s de largas distancias permite la transferencia de datos sin problemas y el streaming de multimedia en toda su red<\/li>\n<li>La velocidad inal\u00e1mbrica de 300Mbps es ideal para el streaming de video, juegos en l\u00ednea y VoIP<\/li>\n<\/ul>\n<\/div>\n","protected":false},"excerpt":{"rendered":"<p>Router Inal\u00e1mbrico Alta Potencia N 300Mbps El amplificador de alta potencia y las antenas de 9dBi proporcionan 4 veces el rango inal\u00e1mbrico de un router normal La se\u00f1al Wi-Fi mejorada penetra paredes y obst\u00e1culos eliminando zonas sin recepci\u00f3n 2 veces la velocidad inal\u00e1mbrica de un router normal a trav\u00e9s de largas distancias permite la transferencia &hellip;<\/p>\n<p class=\"read-more\"> <a class=\" thunk-readmore button \" href=\"https:\/\/ctsaul.com\/tienda\/producto\/router-tl-wr841hp-tp-link\/\"> <span class=\"screen-reader-text\">ROUTER TL-WR841HP  TP-LINK<\/span>Leer m\u00e1s<\/a><\/p>\n","protected":false},"featured_media":1101,"comment_status":"open","ping_status":"closed","template":"","meta":[],"product_brand":[124],"product_cat":[160,161],"product_tag":[],"class_list":{"0":"post-1099","1":"product","2":"type-product","3":"status-publish","4":"has-post-thumbnail","6":"product_brand-tp-link","7":"product_cat-redes","8":"product_cat-router","9":"thunk-woo-product-list","10":"opn-qv-enable","11":"big-store-woo-hover-zoom","12":"open-single-product-tab-horizontal","13":"open-shadow-","14":"open-shadow-hover-","16":"first","17":"instock","18":"sale","19":"taxable","20":"shipping-taxable","21":"purchasable","22":"product-type-simple"},"_links":{"self":[{"href":"https:\/\/ctsaul.com\/tienda\/wp-json\/wp\/v2\/product\/1099","targetHints":{"allow":["GET"]}}],"collection":[{"href":"https:\/\/ctsaul.com\/tienda\/wp-json\/wp\/v2\/product"}],"about":[{"href":"https:\/\/ctsaul.com\/tienda\/wp-json\/wp\/v2\/types\/product"}],"replies":[{"embeddable":true,"href":"https:\/\/ctsaul.com\/tienda\/wp-json\/wp\/v2\/comments?post=1099"}],"wp:featuredmedia":[{"embeddable":true,"href":"https:\/\/ctsaul.com\/tienda\/wp-json\/wp\/v2\/media\/1101"}],"wp:attachment":[{"href":"https:\/\/ctsaul.com\/tienda\/wp-json\/wp\/v2\/media?parent=1099"}],"wp:term":[{"taxonomy":"product_brand","embeddable":true,"href":"https:\/\/ctsaul.com\/tienda\/wp-json\/wp\/v2\/product_brand?post=1099"},{"taxonomy":"product_cat","embeddable":true,"href":"https:\/\/ctsaul.com\/tienda\/wp-json\/wp\/v2\/product_cat?post=1099"},{"taxonomy":"product_tag","embeddable":true,"href":"https:\/\/ctsaul.com\/tienda\/wp-json\/wp\/v2\/product_tag?post=1099"}],"curies":[{"name":"wp","href":"https:\/\/api.w.org\/{rel}","templated":true}]}}