{"id":1097,"date":"2025-03-25T16:09:48","date_gmt":"2025-03-25T21:09:48","guid":{"rendered":"http:\/\/172.16.1.1\/tienda\/?post_type=product&#038;p=1097"},"modified":"2025-05-27T14:13:16","modified_gmt":"2025-05-27T19:13:16","slug":"router-archer-ax12-wifi-6-ax1500-dual-band-tp-link","status":"publish","type":"product","link":"https:\/\/ctsaul.com\/tienda\/producto\/router-archer-ax12-wifi-6-ax1500-dual-band-tp-link\/","title":{"rendered":"ROUTER ARCHER AX12 WIFI 6 AX1500 DUAL-BAND TP-LINK"},"content":{"rendered":"<div class=\"box title\">\n<div>\n<p class=\"product-name\">Archer AX12<\/p>\n<\/div>\n<h1>Router Wi-Fi 6 Doble Banda AX1500<\/h1>\n<\/div>\n<div class=\"box highlights\">\n<ul>\n<li><b>Tecnolog\u00eda Wi-Fi 6<\/b>. Archer AX12 viene equipado\u00a0con \u00faltima tecnolg\u00eda inal\u00e1mbrica\u00a0Wi-Fi 6, para alcanzar velocidades m\u00e1s altas y mejor rendimiento de la red.<\/li>\n<li><b>Velocidad 1,5 Gbps de Doble Banda .<\/b>\u00a0Alta velocidad en cada una de las bandas hasta 1201 Mbps en\u00a05 GHz y\u00a0300 Mbps en\u00a02,4 GHz.<sup>15<\/sup><\/li>\n<li><strong>M\u00e1s dispositivos conectados<\/strong>. La tecnolog\u00eda OFDMA y MU-MIMO permiten transmitir los datos a m\u00faltiples dispositivos simult\u00e1neamente.<sup>24<\/sup><\/li>\n<li><strong>Amplia Cobertura<\/strong>, Con 4 antenas y la tecnolog\u00eda\u00a0Beamforming concentra la fuerza de la se\u00f1al\u00a0directamente hacia los dispositivos, llegando m\u00e1s lejos.<\/li>\n<li><b>Aumento de la vida \u00fatil de la bater\u00eda.<\/b>\u00a0La tecnolog\u00eda Target Wake Time reduce el consumo de energ\u00eda de tus dispositivos.<sup>3<\/sup><\/li>\n<li><strong>F\u00e1cil configuraci\u00f3n<\/strong>. Conecta tu router Archer\u00a0y config\u00faralo en pocos minutos con la App Tether.<\/li>\n<li><b>Retrocompatibilidad.<\/b>\u00a0Archer AX12 es compatible con todos los est\u00e1ndares Wi-FI anteriores\u00a0y todos los dispositivos Wi-Fi.<\/li>\n<\/ul>\n<\/div>\n","protected":false},"excerpt":{"rendered":"<p>Archer AX12 Router Wi-Fi 6 Doble Banda AX1500 Tecnolog\u00eda Wi-Fi 6. Archer AX12 viene equipado\u00a0con \u00faltima tecnolg\u00eda inal\u00e1mbrica\u00a0Wi-Fi 6, para alcanzar velocidades m\u00e1s altas y mejor rendimiento de la red. Velocidad 1,5 Gbps de Doble Banda .\u00a0Alta velocidad en cada una de las bandas hasta 1201 Mbps en\u00a05 GHz y\u00a0300 Mbps en\u00a02,4 GHz.15 M\u00e1s dispositivos &hellip;<\/p>\n<p class=\"read-more\"> <a class=\" thunk-readmore button \" href=\"https:\/\/ctsaul.com\/tienda\/producto\/router-archer-ax12-wifi-6-ax1500-dual-band-tp-link\/\"> <span class=\"screen-reader-text\">ROUTER ARCHER AX12 WIFI 6 AX1500 DUAL-BAND TP-LINK<\/span>Leer m\u00e1s<\/a><\/p>\n","protected":false},"featured_media":1098,"comment_status":"open","ping_status":"closed","template":"","meta":[],"product_brand":[124],"product_cat":[160,161],"product_tag":[],"class_list":{"0":"post-1097","1":"product","2":"type-product","3":"status-publish","4":"has-post-thumbnail","6":"product_brand-tp-link","7":"product_cat-redes","8":"product_cat-router","9":"thunk-woo-product-list","10":"opn-qv-enable","11":"big-store-woo-hover-zoom","12":"open-single-product-tab-horizontal","13":"open-shadow-","14":"open-shadow-hover-","16":"first","17":"instock","18":"sale","19":"taxable","20":"shipping-taxable","21":"purchasable","22":"product-type-simple"},"_links":{"self":[{"href":"https:\/\/ctsaul.com\/tienda\/wp-json\/wp\/v2\/product\/1097","targetHints":{"allow":["GET"]}}],"collection":[{"href":"https:\/\/ctsaul.com\/tienda\/wp-json\/wp\/v2\/product"}],"about":[{"href":"https:\/\/ctsaul.com\/tienda\/wp-json\/wp\/v2\/types\/product"}],"replies":[{"embeddable":true,"href":"https:\/\/ctsaul.com\/tienda\/wp-json\/wp\/v2\/comments?post=1097"}],"wp:featuredmedia":[{"embeddable":true,"href":"https:\/\/ctsaul.com\/tienda\/wp-json\/wp\/v2\/media\/1098"}],"wp:attachment":[{"href":"https:\/\/ctsaul.com\/tienda\/wp-json\/wp\/v2\/media?parent=1097"}],"wp:term":[{"taxonomy":"product_brand","embeddable":true,"href":"https:\/\/ctsaul.com\/tienda\/wp-json\/wp\/v2\/product_brand?post=1097"},{"taxonomy":"product_cat","embeddable":true,"href":"https:\/\/ctsaul.com\/tienda\/wp-json\/wp\/v2\/product_cat?post=1097"},{"taxonomy":"product_tag","embeddable":true,"href":"https:\/\/ctsaul.com\/tienda\/wp-json\/wp\/v2\/product_tag?post=1097"}],"curies":[{"name":"wp","href":"https:\/\/api.w.org\/{rel}","templated":true}]}}