{"id":1091,"date":"2025-03-25T15:06:44","date_gmt":"2025-03-25T20:06:44","guid":{"rendered":"http:\/\/172.16.1.1\/tienda\/?post_type=product&#038;p=1091"},"modified":"2025-05-27T14:13:53","modified_gmt":"2025-05-27T19:13:53","slug":"adaptador-wifi-red-ac600-archer-tu2-dual-tp-link","status":"publish","type":"product","link":"https:\/\/ctsaul.com\/tienda\/producto\/adaptador-wifi-red-ac600-archer-tu2-dual-tp-link\/","title":{"rendered":"ADAPTADOR WIFI  RED AC600 ARCHER TU2 DUAL  TP-LINK"},"content":{"rendered":"<ul>\n<li>Velocidad inal\u00e1mbrica ultra-r\u00e1pida de 600 (433 + 150) Mbps con 802.11ac<\/li>\n<li>Una peque\u00f1a manera de conseguir conexiones Wi-Fi r\u00e1pidas de nueva generaci\u00f3n<\/li>\n<li>Conexiones de banda dual para la transmisi\u00f3n de v\u00eddeo de alta definici\u00f3n sin demoras y juegos<\/li>\n<li>Seguridad avanzada: Soporta 64\/128 WEP, WPA, WPA2\/WPA-PSK\/WPA2-PSK (TKIP\/AES)<\/li>\n<li>Soporta Windows 10\/8.1\/8\/7\/XP, Mac OS X\u00a010.7~10.11 y Linux<\/li>\n<\/ul>\n","protected":false},"excerpt":{"rendered":"<p>Velocidad inal\u00e1mbrica ultra-r\u00e1pida de 600 (433 + 150) Mbps con 802.11ac Una peque\u00f1a manera de conseguir conexiones Wi-Fi r\u00e1pidas de nueva generaci\u00f3n Conexiones de banda dual para la transmisi\u00f3n de v\u00eddeo de alta definici\u00f3n sin demoras y juegos Seguridad avanzada: Soporta 64\/128 WEP, WPA, WPA2\/WPA-PSK\/WPA2-PSK (TKIP\/AES) Soporta Windows 10\/8.1\/8\/7\/XP, Mac OS X\u00a010.7~10.11 y Linux<\/p>\n","protected":false},"featured_media":1092,"comment_status":"open","ping_status":"closed","template":"","meta":[],"product_brand":[124],"product_cat":[165,160],"product_tag":[],"class_list":{"0":"post-1091","1":"product","2":"type-product","3":"status-publish","4":"has-post-thumbnail","6":"product_brand-tp-link","7":"product_cat-adaptador-wifi-usb","8":"product_cat-redes","9":"thunk-woo-product-list","10":"opn-qv-enable","11":"big-store-woo-hover-zoom","12":"open-single-product-tab-horizontal","13":"open-shadow-","14":"open-shadow-hover-","16":"first","17":"instock","18":"sale","19":"taxable","20":"shipping-taxable","21":"purchasable","22":"product-type-simple"},"_links":{"self":[{"href":"https:\/\/ctsaul.com\/tienda\/wp-json\/wp\/v2\/product\/1091","targetHints":{"allow":["GET"]}}],"collection":[{"href":"https:\/\/ctsaul.com\/tienda\/wp-json\/wp\/v2\/product"}],"about":[{"href":"https:\/\/ctsaul.com\/tienda\/wp-json\/wp\/v2\/types\/product"}],"replies":[{"embeddable":true,"href":"https:\/\/ctsaul.com\/tienda\/wp-json\/wp\/v2\/comments?post=1091"}],"wp:featuredmedia":[{"embeddable":true,"href":"https:\/\/ctsaul.com\/tienda\/wp-json\/wp\/v2\/media\/1092"}],"wp:attachment":[{"href":"https:\/\/ctsaul.com\/tienda\/wp-json\/wp\/v2\/media?parent=1091"}],"wp:term":[{"taxonomy":"product_brand","embeddable":true,"href":"https:\/\/ctsaul.com\/tienda\/wp-json\/wp\/v2\/product_brand?post=1091"},{"taxonomy":"product_cat","embeddable":true,"href":"https:\/\/ctsaul.com\/tienda\/wp-json\/wp\/v2\/product_cat?post=1091"},{"taxonomy":"product_tag","embeddable":true,"href":"https:\/\/ctsaul.com\/tienda\/wp-json\/wp\/v2\/product_tag?post=1091"}],"curies":[{"name":"wp","href":"https:\/\/api.w.org\/{rel}","templated":true}]}}