{"id":1089,"date":"2025-03-25T14:49:41","date_gmt":"2025-03-25T19:49:41","guid":{"rendered":"http:\/\/172.16.1.1\/tienda\/?post_type=product&#038;p=1089"},"modified":"2025-05-27T14:14:03","modified_gmt":"2025-05-27T19:14:03","slug":"adaptador-wifi-usb-tl-wn8200nd-2-antenas-tp-link","status":"publish","type":"product","link":"https:\/\/ctsaul.com\/tienda\/producto\/adaptador-wifi-usb-tl-wn8200nd-2-antenas-tp-link\/","title":{"rendered":"ADAPTADOR WIFI USB  TL-WN8200ND 2 ANTENAS TP-LINK"},"content":{"rendered":"<ul>\n<li>Alta potencia y sensibilidad de recepci\u00f3n para brindar una distancia de transmisi\u00f3n ultralarga<\/li>\n<li>Tasas de transmisi\u00f3n de 300 Mbps ideales para tareas con mucho ancho de banda<\/li>\n<li>F\u00e1cil encriptaci\u00f3n de seguridad inal\u00e1mbrica con solo presionar el bot\u00f3n WPS<\/li>\n<li>El cable de extensi\u00f3n USB de 1,5 metros permite una implementaci\u00f3n conveniente<\/li>\n<li>Soporta Windows XP\/Vista\/7\/8<\/li>\n<\/ul>\n","protected":false},"excerpt":{"rendered":"<p>Alta potencia y sensibilidad de recepci\u00f3n para brindar una distancia de transmisi\u00f3n ultralarga Tasas de transmisi\u00f3n de 300 Mbps ideales para tareas con mucho ancho de banda F\u00e1cil encriptaci\u00f3n de seguridad inal\u00e1mbrica con solo presionar el bot\u00f3n WPS El cable de extensi\u00f3n USB de 1,5 metros permite una implementaci\u00f3n conveniente Soporta Windows XP\/Vista\/7\/8<\/p>\n","protected":false},"featured_media":1090,"comment_status":"open","ping_status":"closed","template":"","meta":[],"product_brand":[124],"product_cat":[165,160],"product_tag":[],"class_list":{"0":"post-1089","1":"product","2":"type-product","3":"status-publish","4":"has-post-thumbnail","6":"product_brand-tp-link","7":"product_cat-adaptador-wifi-usb","8":"product_cat-redes","9":"thunk-woo-product-list","10":"opn-qv-enable","11":"big-store-woo-hover-zoom","12":"open-single-product-tab-horizontal","13":"open-shadow-","14":"open-shadow-hover-","16":"first","17":"instock","18":"sale","19":"taxable","20":"shipping-taxable","21":"purchasable","22":"product-type-simple"},"_links":{"self":[{"href":"https:\/\/ctsaul.com\/tienda\/wp-json\/wp\/v2\/product\/1089","targetHints":{"allow":["GET"]}}],"collection":[{"href":"https:\/\/ctsaul.com\/tienda\/wp-json\/wp\/v2\/product"}],"about":[{"href":"https:\/\/ctsaul.com\/tienda\/wp-json\/wp\/v2\/types\/product"}],"replies":[{"embeddable":true,"href":"https:\/\/ctsaul.com\/tienda\/wp-json\/wp\/v2\/comments?post=1089"}],"wp:featuredmedia":[{"embeddable":true,"href":"https:\/\/ctsaul.com\/tienda\/wp-json\/wp\/v2\/media\/1090"}],"wp:attachment":[{"href":"https:\/\/ctsaul.com\/tienda\/wp-json\/wp\/v2\/media?parent=1089"}],"wp:term":[{"taxonomy":"product_brand","embeddable":true,"href":"https:\/\/ctsaul.com\/tienda\/wp-json\/wp\/v2\/product_brand?post=1089"},{"taxonomy":"product_cat","embeddable":true,"href":"https:\/\/ctsaul.com\/tienda\/wp-json\/wp\/v2\/product_cat?post=1089"},{"taxonomy":"product_tag","embeddable":true,"href":"https:\/\/ctsaul.com\/tienda\/wp-json\/wp\/v2\/product_tag?post=1089"}],"curies":[{"name":"wp","href":"https:\/\/api.w.org\/{rel}","templated":true}]}}