{"id":1087,"date":"2025-03-25T14:42:06","date_gmt":"2025-03-25T19:42:06","guid":{"rendered":"http:\/\/172.16.1.1\/tienda\/?post_type=product&#038;p=1087"},"modified":"2025-05-27T14:14:12","modified_gmt":"2025-05-27T19:14:12","slug":"adaptador-wifi-ac600-red-archer-tu2-plus-usb-tp-link","status":"publish","type":"product","link":"https:\/\/ctsaul.com\/tienda\/producto\/adaptador-wifi-ac600-red-archer-tu2-plus-usb-tp-link\/","title":{"rendered":"ADAPTADOR WIFI AC600 RED ARCHER TU2 PLUS USB TP-LINK"},"content":{"rendered":"<div class=\"box title\">\n<h1>Banda dual inal\u00e1mbrico de alta ganancia AC600<\/h1>\n<\/div>\n<div class=\"box highlights\">\n<ul>\n<li><strong>Wi-Fi de alta velocidad<\/strong>: la compatibilidad con 256QAM aumenta la velocidad de datos de 2,4 GHz de 150 Mbps a 200 Mbps, 200 Mbps en la banda de 2,4 GHz y 433 Mbps en la banda de 5 GHz, asegura que disfrutaras\u00a0completamente de un Wi-Fi de CA r\u00e1pido.<\/li>\n<li><strong>Inal\u00e1mbrico de doble banda<\/strong>:las bandas de 2.4 GHz y 5 GHz brindan conectividad flexible, dando a tus dispositivos acceso al \u00faltimo router\u00a0Wi-Fi de doble banda para mayor velocidad y rango extendido.<\/li>\n<li><strong>Antena de alta ganancia<\/strong>: una antena de alta ganancia de 5dBi mejora en gran medida la potencia de la se\u00f1al de recepci\u00f3n y transmisi\u00f3n del adaptador USB.<\/li>\n<li><strong>Admite los \u00faltimos sistemas operativos<\/strong>: totalmente compatible con Windows 10 \/ 8.1 \/ 8\/7 \/ XP y Mac OS X.<\/li>\n<\/ul>\n<\/div>\n","protected":false},"excerpt":{"rendered":"<p>Banda dual inal\u00e1mbrico de alta ganancia AC600 Wi-Fi de alta velocidad: la compatibilidad con 256QAM aumenta la velocidad de datos de 2,4 GHz de 150 Mbps a 200 Mbps, 200 Mbps en la banda de 2,4 GHz y 433 Mbps en la banda de 5 GHz, asegura que disfrutaras\u00a0completamente de un Wi-Fi de CA r\u00e1pido. &hellip;<\/p>\n<p class=\"read-more\"> <a class=\" thunk-readmore button \" href=\"https:\/\/ctsaul.com\/tienda\/producto\/adaptador-wifi-ac600-red-archer-tu2-plus-usb-tp-link\/\"> <span class=\"screen-reader-text\">ADAPTADOR WIFI AC600 RED ARCHER TU2 PLUS USB TP-LINK<\/span>Leer m\u00e1s<\/a><\/p>\n","protected":false},"featured_media":1088,"comment_status":"open","ping_status":"closed","template":"","meta":[],"product_brand":[124],"product_cat":[165,160],"product_tag":[],"class_list":{"0":"post-1087","1":"product","2":"type-product","3":"status-publish","4":"has-post-thumbnail","6":"product_brand-tp-link","7":"product_cat-adaptador-wifi-usb","8":"product_cat-redes","9":"thunk-woo-product-list","10":"opn-qv-enable","11":"big-store-woo-hover-zoom","12":"open-single-product-tab-horizontal","13":"open-shadow-","14":"open-shadow-hover-","16":"first","17":"instock","18":"sale","19":"taxable","20":"shipping-taxable","21":"purchasable","22":"product-type-simple"},"_links":{"self":[{"href":"https:\/\/ctsaul.com\/tienda\/wp-json\/wp\/v2\/product\/1087","targetHints":{"allow":["GET"]}}],"collection":[{"href":"https:\/\/ctsaul.com\/tienda\/wp-json\/wp\/v2\/product"}],"about":[{"href":"https:\/\/ctsaul.com\/tienda\/wp-json\/wp\/v2\/types\/product"}],"replies":[{"embeddable":true,"href":"https:\/\/ctsaul.com\/tienda\/wp-json\/wp\/v2\/comments?post=1087"}],"wp:featuredmedia":[{"embeddable":true,"href":"https:\/\/ctsaul.com\/tienda\/wp-json\/wp\/v2\/media\/1088"}],"wp:attachment":[{"href":"https:\/\/ctsaul.com\/tienda\/wp-json\/wp\/v2\/media?parent=1087"}],"wp:term":[{"taxonomy":"product_brand","embeddable":true,"href":"https:\/\/ctsaul.com\/tienda\/wp-json\/wp\/v2\/product_brand?post=1087"},{"taxonomy":"product_cat","embeddable":true,"href":"https:\/\/ctsaul.com\/tienda\/wp-json\/wp\/v2\/product_cat?post=1087"},{"taxonomy":"product_tag","embeddable":true,"href":"https:\/\/ctsaul.com\/tienda\/wp-json\/wp\/v2\/product_tag?post=1087"}],"curies":[{"name":"wp","href":"https:\/\/api.w.org\/{rel}","templated":true}]}}