{"id":1085,"date":"2025-03-25T14:30:36","date_gmt":"2025-03-25T19:30:36","guid":{"rendered":"http:\/\/172.16.1.1\/tienda\/?post_type=product&#038;p=1085"},"modified":"2025-05-27T14:17:17","modified_gmt":"2025-05-27T19:17:17","slug":"adaptador-wifi-tl-wn823n-usb-tp-link","status":"publish","type":"product","link":"https:\/\/ctsaul.com\/tienda\/producto\/adaptador-wifi-tl-wn823n-usb-tp-link\/","title":{"rendered":"ADAPTADOR WIFI TL-WN823N USB TP-LINK"},"content":{"rendered":"<div class=\"box title\">\n<h1>300Mbps Mini Wireless N USB Adapter<\/h1>\n<\/div>\n<div class=\"box highlights\">\n<ul>\n<li>Velocidad inal\u00e1mbrica de 300 Mbps ideal para video HD fluido, transmisi\u00f3n de voz y juegos en l\u00ednea<\/li>\n<li>Dise\u00f1o de tama\u00f1o mini para una portabilidad conveniente con un alto rendimiento confiable<\/li>\n<li>Configure f\u00e1cilmente una conexi\u00f3n inal\u00e1mbrica segura con el bot\u00f3n WPS de un solo toque<\/li>\n<li>Compatible con Windows 8.1\/8\/7\/XP,\u00a0Mac OS, Linux<\/li>\n<\/ul>\n<\/div>\n","protected":false},"excerpt":{"rendered":"<p>300Mbps Mini Wireless N USB Adapter Velocidad inal\u00e1mbrica de 300 Mbps ideal para video HD fluido, transmisi\u00f3n de voz y juegos en l\u00ednea Dise\u00f1o de tama\u00f1o mini para una portabilidad conveniente con un alto rendimiento confiable Configure f\u00e1cilmente una conexi\u00f3n inal\u00e1mbrica segura con el bot\u00f3n WPS de un solo toque Compatible con Windows 8.1\/8\/7\/XP,\u00a0Mac OS, &hellip;<\/p>\n<p class=\"read-more\"> <a class=\" thunk-readmore button \" href=\"https:\/\/ctsaul.com\/tienda\/producto\/adaptador-wifi-tl-wn823n-usb-tp-link\/\"> <span class=\"screen-reader-text\">ADAPTADOR WIFI TL-WN823N USB TP-LINK<\/span>Leer m\u00e1s<\/a><\/p>\n","protected":false},"featured_media":1086,"comment_status":"open","ping_status":"closed","template":"","meta":[],"product_brand":[124],"product_cat":[165,160],"product_tag":[],"class_list":{"0":"post-1085","1":"product","2":"type-product","3":"status-publish","4":"has-post-thumbnail","6":"product_brand-tp-link","7":"product_cat-adaptador-wifi-usb","8":"product_cat-redes","9":"thunk-woo-product-list","10":"opn-qv-enable","11":"big-store-woo-hover-zoom","12":"open-single-product-tab-horizontal","13":"open-shadow-","14":"open-shadow-hover-","16":"first","17":"instock","18":"sale","19":"taxable","20":"shipping-taxable","21":"purchasable","22":"product-type-simple"},"_links":{"self":[{"href":"https:\/\/ctsaul.com\/tienda\/wp-json\/wp\/v2\/product\/1085","targetHints":{"allow":["GET"]}}],"collection":[{"href":"https:\/\/ctsaul.com\/tienda\/wp-json\/wp\/v2\/product"}],"about":[{"href":"https:\/\/ctsaul.com\/tienda\/wp-json\/wp\/v2\/types\/product"}],"replies":[{"embeddable":true,"href":"https:\/\/ctsaul.com\/tienda\/wp-json\/wp\/v2\/comments?post=1085"}],"wp:featuredmedia":[{"embeddable":true,"href":"https:\/\/ctsaul.com\/tienda\/wp-json\/wp\/v2\/media\/1086"}],"wp:attachment":[{"href":"https:\/\/ctsaul.com\/tienda\/wp-json\/wp\/v2\/media?parent=1085"}],"wp:term":[{"taxonomy":"product_brand","embeddable":true,"href":"https:\/\/ctsaul.com\/tienda\/wp-json\/wp\/v2\/product_brand?post=1085"},{"taxonomy":"product_cat","embeddable":true,"href":"https:\/\/ctsaul.com\/tienda\/wp-json\/wp\/v2\/product_cat?post=1085"},{"taxonomy":"product_tag","embeddable":true,"href":"https:\/\/ctsaul.com\/tienda\/wp-json\/wp\/v2\/product_tag?post=1085"}],"curies":[{"name":"wp","href":"https:\/\/api.w.org\/{rel}","templated":true}]}}