{"id":1082,"date":"2025-03-21T16:16:39","date_gmt":"2025-03-21T21:16:39","guid":{"rendered":"http:\/\/172.16.1.1\/tienda\/?post_type=product&#038;p=1082"},"modified":"2025-05-27T14:17:33","modified_gmt":"2025-05-27T19:17:33","slug":"adaptador-wifi-mini-usb-10636-jaltech","status":"publish","type":"product","link":"https:\/\/ctsaul.com\/tienda\/producto\/adaptador-wifi-mini-usb-10636-jaltech\/","title":{"rendered":"ADAPTADOR WIFI MINI USB 10636 JALTECH"},"content":{"rendered":"<p>&#8211; Adaptador USB WIFI &#8211; N 150Mbps Jaltech<br \/>\n&#8211; Permite conectar redes de WIFI a su equipo Port\u00e1til o Escritorio<br \/>\n&#8211; Conexi\u00f3n plug &amp; play<br \/>\n&#8211; Modo Inal\u00e1mbrico: Ad-Hoc<br \/>\n&#8211; Interface de conexi\u00f3n: USB 2.0<br \/>\n&#8211; Potencia de transmisi\u00f3n: 17 dbi<br \/>\n&#8211; Rango de frecuencia: 2.4Ghz<br \/>\n&#8211; Tasa de datos de radio: 150Mbps<br \/>\n&#8211; Espectro ensanchado: DSSS<br \/>\n&#8211; Conexi\u00f3n est\u00e1ndar: IEEE802.11n \/ IEEE802.11g \/ IEEE802.11b<br \/>\n&#8211; Seguridad: 64\/128-bits WEP; wpa \/ wpa2<br \/>\n&#8211; Temperatura de funcionamiento: 0 \u00b0C &#8211; 50 \u00b0C<br \/>\n&#8211; Compatible con Windows XP \/ 7 \/ 8.1 \/ 10 y MacOS<br \/>\n&#8211; Funciona con todos los port\u00e1tiles y PC<br \/>\n&#8211; Tama\u00f1o: 2.2 x 1.6 x 0.8 cms<br \/>\n&#8211; Chipset integrado: Mediatek<\/p>\n","protected":false},"excerpt":{"rendered":"<p>&#8211; Adaptador USB WIFI &#8211; N 150Mbps Jaltech &#8211; Permite conectar redes de WIFI a su equipo Port\u00e1til o Escritorio &#8211; Conexi\u00f3n plug &amp; play &#8211; Modo Inal\u00e1mbrico: Ad-Hoc &#8211; Interface de conexi\u00f3n: USB 2.0 &#8211; Potencia de transmisi\u00f3n: 17 dbi &#8211; Rango de frecuencia: 2.4Ghz &#8211; Tasa de datos de radio: 150Mbps &#8211; Espectro &hellip;<\/p>\n<p class=\"read-more\"> <a class=\" thunk-readmore button \" href=\"https:\/\/ctsaul.com\/tienda\/producto\/adaptador-wifi-mini-usb-10636-jaltech\/\"> <span class=\"screen-reader-text\">ADAPTADOR WIFI MINI USB 10636 JALTECH<\/span>Leer m\u00e1s<\/a><\/p>\n","protected":false},"featured_media":1083,"comment_status":"open","ping_status":"closed","template":"","meta":[],"product_brand":[22],"product_cat":[165,160],"product_tag":[],"class_list":{"0":"post-1082","1":"product","2":"type-product","3":"status-publish","4":"has-post-thumbnail","6":"product_brand-jaltech","7":"product_cat-adaptador-wifi-usb","8":"product_cat-redes","9":"thunk-woo-product-list","10":"opn-qv-enable","11":"big-store-woo-hover-zoom","12":"open-single-product-tab-horizontal","13":"open-shadow-","14":"open-shadow-hover-","16":"first","17":"instock","18":"sale","19":"taxable","20":"shipping-taxable","21":"purchasable","22":"product-type-simple"},"_links":{"self":[{"href":"https:\/\/ctsaul.com\/tienda\/wp-json\/wp\/v2\/product\/1082","targetHints":{"allow":["GET"]}}],"collection":[{"href":"https:\/\/ctsaul.com\/tienda\/wp-json\/wp\/v2\/product"}],"about":[{"href":"https:\/\/ctsaul.com\/tienda\/wp-json\/wp\/v2\/types\/product"}],"replies":[{"embeddable":true,"href":"https:\/\/ctsaul.com\/tienda\/wp-json\/wp\/v2\/comments?post=1082"}],"wp:featuredmedia":[{"embeddable":true,"href":"https:\/\/ctsaul.com\/tienda\/wp-json\/wp\/v2\/media\/1083"}],"wp:attachment":[{"href":"https:\/\/ctsaul.com\/tienda\/wp-json\/wp\/v2\/media?parent=1082"}],"wp:term":[{"taxonomy":"product_brand","embeddable":true,"href":"https:\/\/ctsaul.com\/tienda\/wp-json\/wp\/v2\/product_brand?post=1082"},{"taxonomy":"product_cat","embeddable":true,"href":"https:\/\/ctsaul.com\/tienda\/wp-json\/wp\/v2\/product_cat?post=1082"},{"taxonomy":"product_tag","embeddable":true,"href":"https:\/\/ctsaul.com\/tienda\/wp-json\/wp\/v2\/product_tag?post=1082"}],"curies":[{"name":"wp","href":"https:\/\/api.w.org\/{rel}","templated":true}]}}