{"id":1080,"date":"2025-03-21T15:27:58","date_gmt":"2025-03-21T20:27:58","guid":{"rendered":"http:\/\/172.16.1.1\/tienda\/?post_type=product&#038;p=1080"},"modified":"2025-05-27T14:17:46","modified_gmt":"2025-05-27T19:17:46","slug":"switch-8-port-10-100mbps-ls1008-tp-link","status":"publish","type":"product","link":"https:\/\/ctsaul.com\/tienda\/producto\/switch-8-port-10-100mbps-ls1008-tp-link\/","title":{"rendered":"SWITCH 8- PORT 10\/100MBPS LS1008 TP-LINK"},"content":{"rendered":"<div class=\"box title\">\n<h1>8-Port 10\/100Mbps Desktop Switch<\/h1>\n<\/div>\n<div class=\"box highlights\">\n<ul>\n<li>Puerto RJ45 de negociaci\u00f3n autom\u00e1tica de 8 \u00d7 10 \/ 100Mbos, compatible con Auto-MDI \/ MDIX<\/li>\n<li>La tecnolog\u00eda Green Ethernet ahorra energ\u00eda<\/li>\n<li>Carcasa de pl\u00e1stico y dise\u00f1o de escritorio<\/li>\n<li>Plug and play, no se necesita configuraci\u00f3n<\/li>\n<li>El dise\u00f1o sin ventilador garantiza un funcionamiento silencioso<\/li>\n<\/ul>\n<\/div>\n","protected":false},"excerpt":{"rendered":"<p>8-Port 10\/100Mbps Desktop Switch Puerto RJ45 de negociaci\u00f3n autom\u00e1tica de 8 \u00d7 10 \/ 100Mbos, compatible con Auto-MDI \/ MDIX La tecnolog\u00eda Green Ethernet ahorra energ\u00eda Carcasa de pl\u00e1stico y dise\u00f1o de escritorio Plug and play, no se necesita configuraci\u00f3n El dise\u00f1o sin ventilador garantiza un funcionamiento silencioso<\/p>\n","protected":false},"featured_media":1081,"comment_status":"open","ping_status":"closed","template":"","meta":[],"product_brand":[124],"product_cat":[160,164],"product_tag":[],"class_list":{"0":"post-1080","1":"product","2":"type-product","3":"status-publish","4":"has-post-thumbnail","6":"product_brand-tp-link","7":"product_cat-redes","8":"product_cat-switch-de-red","9":"thunk-woo-product-list","10":"opn-qv-enable","11":"big-store-woo-hover-zoom","12":"open-single-product-tab-horizontal","13":"open-shadow-","14":"open-shadow-hover-","16":"first","17":"instock","18":"sale","19":"taxable","20":"shipping-taxable","21":"purchasable","22":"product-type-simple"},"_links":{"self":[{"href":"https:\/\/ctsaul.com\/tienda\/wp-json\/wp\/v2\/product\/1080","targetHints":{"allow":["GET"]}}],"collection":[{"href":"https:\/\/ctsaul.com\/tienda\/wp-json\/wp\/v2\/product"}],"about":[{"href":"https:\/\/ctsaul.com\/tienda\/wp-json\/wp\/v2\/types\/product"}],"replies":[{"embeddable":true,"href":"https:\/\/ctsaul.com\/tienda\/wp-json\/wp\/v2\/comments?post=1080"}],"wp:featuredmedia":[{"embeddable":true,"href":"https:\/\/ctsaul.com\/tienda\/wp-json\/wp\/v2\/media\/1081"}],"wp:attachment":[{"href":"https:\/\/ctsaul.com\/tienda\/wp-json\/wp\/v2\/media?parent=1080"}],"wp:term":[{"taxonomy":"product_brand","embeddable":true,"href":"https:\/\/ctsaul.com\/tienda\/wp-json\/wp\/v2\/product_brand?post=1080"},{"taxonomy":"product_cat","embeddable":true,"href":"https:\/\/ctsaul.com\/tienda\/wp-json\/wp\/v2\/product_cat?post=1080"},{"taxonomy":"product_tag","embeddable":true,"href":"https:\/\/ctsaul.com\/tienda\/wp-json\/wp\/v2\/product_tag?post=1080"}],"curies":[{"name":"wp","href":"https:\/\/api.w.org\/{rel}","templated":true}]}}