{"id":1078,"date":"2025-03-21T14:56:52","date_gmt":"2025-03-21T19:56:52","guid":{"rendered":"http:\/\/172.16.1.1\/tienda\/?post_type=product&#038;p=1078"},"modified":"2025-05-27T14:18:23","modified_gmt":"2025-05-27T19:18:23","slug":"switch-8-port-gigabit-ls1008g-tp-link","status":"publish","type":"product","link":"https:\/\/ctsaul.com\/tienda\/producto\/switch-8-port-gigabit-ls1008g-tp-link\/","title":{"rendered":"SWITCH 8- PORT GIGABIT LS1008G TP-LINK"},"content":{"rendered":"<div class=\"box title\">\n<h1>Switch de Escritorio de 8 Puertos 10\/100\/1000Mbps<\/h1>\n<\/div>\n<div class=\"box highlights\">\n<ul>\n<li>8 Puertos RJ45 10\/100\/1000Mbos con Auto Negociaci\u00f3n, soporte\u00a0Auto-MDI\/MDIX<\/li>\n<li>Tecnolog\u00eda Green Ethernet de ahorro energ\u00e9tico<\/li>\n<li>Control de Flujo IEEE 802.3X proporciona una transferencia de datos fiable<\/li>\n<li>Carcasa de Pl\u00e1stico, con dise\u00f1o de montaje en pared o sobre mesa<\/li>\n<li>Plug and play, sin necesidad de configuraci\u00f3n<\/li>\n<li>Dise\u00f1o sin ventiladores asegurando un funcionamiento silencioso<\/li>\n<\/ul>\n<\/div>\n","protected":false},"excerpt":{"rendered":"<p>Switch de Escritorio de 8 Puertos 10\/100\/1000Mbps 8 Puertos RJ45 10\/100\/1000Mbos con Auto Negociaci\u00f3n, soporte\u00a0Auto-MDI\/MDIX Tecnolog\u00eda Green Ethernet de ahorro energ\u00e9tico Control de Flujo IEEE 802.3X proporciona una transferencia de datos fiable Carcasa de Pl\u00e1stico, con dise\u00f1o de montaje en pared o sobre mesa Plug and play, sin necesidad de configuraci\u00f3n Dise\u00f1o sin ventiladores asegurando &hellip;<\/p>\n<p class=\"read-more\"> <a class=\" thunk-readmore button \" href=\"https:\/\/ctsaul.com\/tienda\/producto\/switch-8-port-gigabit-ls1008g-tp-link\/\"> <span class=\"screen-reader-text\">SWITCH 8- PORT GIGABIT LS1008G TP-LINK<\/span>Leer m\u00e1s<\/a><\/p>\n","protected":false},"featured_media":1079,"comment_status":"open","ping_status":"closed","template":"","meta":[],"product_brand":[124],"product_cat":[160,164],"product_tag":[],"class_list":{"0":"post-1078","1":"product","2":"type-product","3":"status-publish","4":"has-post-thumbnail","6":"product_brand-tp-link","7":"product_cat-redes","8":"product_cat-switch-de-red","9":"thunk-woo-product-list","10":"opn-qv-enable","11":"big-store-woo-hover-zoom","12":"open-single-product-tab-horizontal","13":"open-shadow-","14":"open-shadow-hover-","16":"first","17":"instock","18":"sale","19":"taxable","20":"shipping-taxable","21":"purchasable","22":"product-type-simple"},"_links":{"self":[{"href":"https:\/\/ctsaul.com\/tienda\/wp-json\/wp\/v2\/product\/1078","targetHints":{"allow":["GET"]}}],"collection":[{"href":"https:\/\/ctsaul.com\/tienda\/wp-json\/wp\/v2\/product"}],"about":[{"href":"https:\/\/ctsaul.com\/tienda\/wp-json\/wp\/v2\/types\/product"}],"replies":[{"embeddable":true,"href":"https:\/\/ctsaul.com\/tienda\/wp-json\/wp\/v2\/comments?post=1078"}],"wp:featuredmedia":[{"embeddable":true,"href":"https:\/\/ctsaul.com\/tienda\/wp-json\/wp\/v2\/media\/1079"}],"wp:attachment":[{"href":"https:\/\/ctsaul.com\/tienda\/wp-json\/wp\/v2\/media?parent=1078"}],"wp:term":[{"taxonomy":"product_brand","embeddable":true,"href":"https:\/\/ctsaul.com\/tienda\/wp-json\/wp\/v2\/product_brand?post=1078"},{"taxonomy":"product_cat","embeddable":true,"href":"https:\/\/ctsaul.com\/tienda\/wp-json\/wp\/v2\/product_cat?post=1078"},{"taxonomy":"product_tag","embeddable":true,"href":"https:\/\/ctsaul.com\/tienda\/wp-json\/wp\/v2\/product_tag?post=1078"}],"curies":[{"name":"wp","href":"https:\/\/api.w.org\/{rel}","templated":true}]}}