{"id":1076,"date":"2025-03-21T14:30:06","date_gmt":"2025-03-21T19:30:06","guid":{"rendered":"http:\/\/172.16.1.1\/tienda\/?post_type=product&#038;p=1076"},"modified":"2025-05-27T14:18:38","modified_gmt":"2025-05-27T19:18:38","slug":"switch-5-port-gigabit-ls1005g-tp-link","status":"publish","type":"product","link":"https:\/\/ctsaul.com\/tienda\/producto\/switch-5-port-gigabit-ls1005g-tp-link\/","title":{"rendered":"SWITCH 5- PORT GIGABIT  LS1005G TP-LINK"},"content":{"rendered":"<div class=\"box title\">\n<div>\n<p class=\"product-name\">\n<\/div>\n<h3>Switch de Escritorio de 5 Puertos 10\/100\/1000Mbps<\/h3>\n<\/div>\n<div class=\"box highlights\">\n<ul>\n<li>5 \u00d7 10\/100\/1000mbps Puertos RJ45 con detecci\u00f3n autom\u00e1tica de velocidad, soporte para MDI\/MDIX autom\u00e1tico<\/li>\n<li>Gracias a la tecnolog\u00eda Green Ethernet, ahorra energ\u00eda<\/li>\n<li>El control de flujo IEEE 802.3x permite una transmisi\u00f3n fiable de datos<\/li>\n<li>Carcasa de pl\u00e1stico, dise\u00f1ado para ser usado como equipo de sobremesa o montarlo en la pared<\/li>\n<li>Plug and play, sin ninguna configuraci\u00f3n adicional<\/li>\n<li>El dise\u00f1o sin ventilador garantiza un funcionamiento silencioso<\/li>\n<\/ul>\n<\/div>\n","protected":false},"excerpt":{"rendered":"<p>Switch de Escritorio de 5 Puertos 10\/100\/1000Mbps 5 \u00d7 10\/100\/1000mbps Puertos RJ45 con detecci\u00f3n autom\u00e1tica de velocidad, soporte para MDI\/MDIX autom\u00e1tico Gracias a la tecnolog\u00eda Green Ethernet, ahorra energ\u00eda El control de flujo IEEE 802.3x permite una transmisi\u00f3n fiable de datos Carcasa de pl\u00e1stico, dise\u00f1ado para ser usado como equipo de sobremesa o montarlo en &hellip;<\/p>\n<p class=\"read-more\"> <a class=\" thunk-readmore button \" href=\"https:\/\/ctsaul.com\/tienda\/producto\/switch-5-port-gigabit-ls1005g-tp-link\/\"> <span class=\"screen-reader-text\">SWITCH 5- PORT GIGABIT  LS1005G TP-LINK<\/span>Leer m\u00e1s<\/a><\/p>\n","protected":false},"featured_media":1077,"comment_status":"open","ping_status":"closed","template":"","meta":[],"product_brand":[124],"product_cat":[160,164],"product_tag":[],"class_list":{"0":"post-1076","1":"product","2":"type-product","3":"status-publish","4":"has-post-thumbnail","6":"product_brand-tp-link","7":"product_cat-redes","8":"product_cat-switch-de-red","9":"thunk-woo-product-list","10":"opn-qv-enable","11":"big-store-woo-hover-zoom","12":"open-single-product-tab-horizontal","13":"open-shadow-","14":"open-shadow-hover-","16":"first","17":"instock","18":"sale","19":"taxable","20":"shipping-taxable","21":"purchasable","22":"product-type-simple"},"_links":{"self":[{"href":"https:\/\/ctsaul.com\/tienda\/wp-json\/wp\/v2\/product\/1076","targetHints":{"allow":["GET"]}}],"collection":[{"href":"https:\/\/ctsaul.com\/tienda\/wp-json\/wp\/v2\/product"}],"about":[{"href":"https:\/\/ctsaul.com\/tienda\/wp-json\/wp\/v2\/types\/product"}],"replies":[{"embeddable":true,"href":"https:\/\/ctsaul.com\/tienda\/wp-json\/wp\/v2\/comments?post=1076"}],"wp:featuredmedia":[{"embeddable":true,"href":"https:\/\/ctsaul.com\/tienda\/wp-json\/wp\/v2\/media\/1077"}],"wp:attachment":[{"href":"https:\/\/ctsaul.com\/tienda\/wp-json\/wp\/v2\/media?parent=1076"}],"wp:term":[{"taxonomy":"product_brand","embeddable":true,"href":"https:\/\/ctsaul.com\/tienda\/wp-json\/wp\/v2\/product_brand?post=1076"},{"taxonomy":"product_cat","embeddable":true,"href":"https:\/\/ctsaul.com\/tienda\/wp-json\/wp\/v2\/product_cat?post=1076"},{"taxonomy":"product_tag","embeddable":true,"href":"https:\/\/ctsaul.com\/tienda\/wp-json\/wp\/v2\/product_tag?post=1076"}],"curies":[{"name":"wp","href":"https:\/\/api.w.org\/{rel}","templated":true}]}}