{"id":1073,"date":"2025-03-21T14:16:55","date_gmt":"2025-03-21T19:16:55","guid":{"rendered":"http:\/\/172.16.1.1\/tienda\/?post_type=product&#038;p=1073"},"modified":"2025-05-27T14:18:49","modified_gmt":"2025-05-27T19:18:49","slug":"switch-5-port-10-100mbps-ls1005-tp-link","status":"publish","type":"product","link":"https:\/\/ctsaul.com\/tienda\/producto\/switch-5-port-10-100mbps-ls1005-tp-link\/","title":{"rendered":"SWITCH 5- PORT 10\/100Mbps  LS1005 TP-LINK"},"content":{"rendered":"<h3>DESCRIPCI\u00d3N<\/h3>\n<p>\u2022 Puertos RJ45 de negociaci\u00f3n autom\u00e1tica de 5 \u00d7 10 \/ 100Mbos, compatibles con Auto-MDI \/ MDIX<br \/>\n\u2022 La tecnolog\u00eda Green Ethernet ahorra consumo de energ\u00eda<br \/>\n\u2022 El control de flujo IEEE 802.3X proporciona transferencia de datos confiable<br \/>\n\u2022 Carcasa de pl\u00e1stico y dise\u00f1o de escritorio<br \/>\n\u2022 Plug and play, no requiere configuraci\u00f3n<br \/>\n\u2022 El dise\u00f1o sin ventilador garantiza un funcionamiento silencioso<\/p>\n<p>CARACTER\u00cdSTICAS DE HARDWARE<\/p>\n<p>\u2022 Est\u00e1ndares y Protocolos: IEEE 802.3i \/ 802.3u \/ 802.3x<br \/>\n\u2022 Interfaz: 5 \u00d7 10 \/ 100Mbps, negociaci\u00f3n autom\u00e1tica, puertos Auto-MDI \/ MDIX<br \/>\n\u2022 Cantidad de Ventiladores: Sin ventilador<br \/>\n\u2022 Fuente de Alimentaci\u00f3n Externa: Adaptador de corriente externo (salida: 5VDC \/ 0.6A)<br \/>\n\u2022 Dimensiones (WXDXH): 3.3 \u00d7 1.8 \u00d7 0.9 pulg. (83.6 \u00d7 45.7 \u00d7 22.8 mm)<br \/>\n\u2022 Consumo M\u00e1ximo de energ\u00eda: 1.65W<br \/>\n\u2022 Disipaci\u00f3n M\u00e1xima de Calor: 5.627 Btu \/ hr<\/p>\n<p>CARACTER\u00cdSTICAS DE SOFTWARE<\/p>\n<p>\u2022 Caracter\u00edsticas avanzadas: Tecnolog\u00eda verde; Control de flujo 802.3X; Contrapresi\u00f3n<br \/>\n\u2022 M\u00e9todo de transferencia: Almacenamiento y reenvio<\/p>\n","protected":false},"excerpt":{"rendered":"<p>DESCRIPCI\u00d3N \u2022 Puertos RJ45 de negociaci\u00f3n autom\u00e1tica de 5 \u00d7 10 \/ 100Mbos, compatibles con Auto-MDI \/ MDIX \u2022 La tecnolog\u00eda Green Ethernet ahorra consumo de energ\u00eda \u2022 El control de flujo IEEE 802.3X proporciona transferencia de datos confiable \u2022 Carcasa de pl\u00e1stico y dise\u00f1o de escritorio \u2022 Plug and play, no requiere configuraci\u00f3n \u2022 &hellip;<\/p>\n<p class=\"read-more\"> <a class=\" thunk-readmore button \" href=\"https:\/\/ctsaul.com\/tienda\/producto\/switch-5-port-10-100mbps-ls1005-tp-link\/\"> <span class=\"screen-reader-text\">SWITCH 5- PORT 10\/100Mbps  LS1005 TP-LINK<\/span>Leer m\u00e1s<\/a><\/p>\n","protected":false},"featured_media":1075,"comment_status":"open","ping_status":"closed","template":"","meta":[],"product_brand":[124],"product_cat":[160,164],"product_tag":[],"class_list":{"0":"post-1073","1":"product","2":"type-product","3":"status-publish","4":"has-post-thumbnail","6":"product_brand-tp-link","7":"product_cat-redes","8":"product_cat-switch-de-red","9":"thunk-woo-product-list","10":"opn-qv-enable","11":"big-store-woo-hover-zoom","12":"open-single-product-tab-horizontal","13":"open-shadow-","14":"open-shadow-hover-","16":"first","17":"instock","18":"sale","19":"taxable","20":"shipping-taxable","21":"purchasable","22":"product-type-simple"},"_links":{"self":[{"href":"https:\/\/ctsaul.com\/tienda\/wp-json\/wp\/v2\/product\/1073","targetHints":{"allow":["GET"]}}],"collection":[{"href":"https:\/\/ctsaul.com\/tienda\/wp-json\/wp\/v2\/product"}],"about":[{"href":"https:\/\/ctsaul.com\/tienda\/wp-json\/wp\/v2\/types\/product"}],"replies":[{"embeddable":true,"href":"https:\/\/ctsaul.com\/tienda\/wp-json\/wp\/v2\/comments?post=1073"}],"wp:featuredmedia":[{"embeddable":true,"href":"https:\/\/ctsaul.com\/tienda\/wp-json\/wp\/v2\/media\/1075"}],"wp:attachment":[{"href":"https:\/\/ctsaul.com\/tienda\/wp-json\/wp\/v2\/media?parent=1073"}],"wp:term":[{"taxonomy":"product_brand","embeddable":true,"href":"https:\/\/ctsaul.com\/tienda\/wp-json\/wp\/v2\/product_brand?post=1073"},{"taxonomy":"product_cat","embeddable":true,"href":"https:\/\/ctsaul.com\/tienda\/wp-json\/wp\/v2\/product_cat?post=1073"},{"taxonomy":"product_tag","embeddable":true,"href":"https:\/\/ctsaul.com\/tienda\/wp-json\/wp\/v2\/product_tag?post=1073"}],"curies":[{"name":"wp","href":"https:\/\/api.w.org\/{rel}","templated":true}]}}