{"id":1069,"date":"2025-03-20T17:21:59","date_gmt":"2025-03-20T22:21:59","guid":{"rendered":"http:\/\/172.16.1.1\/tienda\/?post_type=product&#038;p=1069"},"modified":"2025-05-27T14:19:16","modified_gmt":"2025-05-27T19:19:16","slug":"extensor-de-rango-wifi-tl-wa850re-tp-link","status":"publish","type":"product","link":"https:\/\/ctsaul.com\/tienda\/producto\/extensor-de-rango-wifi-tl-wa850re-tp-link\/","title":{"rendered":"EXTENSOR DE RANGO WIFI TL-WA850RE TP-LINK"},"content":{"rendered":"<div class=\"box title\">\n<h1>Extensor de Cobertura Wi-Fi Universal a 300Mbps<\/h1>\n<\/div>\n<div class=\"box highlights\">\n<ul>\n<li>El modo Range Extender aumenta la se\u00f1al inal\u00e1mbrica a \u00e1reas previamente inalcanzables o dif\u00edciles de cablear sin problemas<\/li>\n<li>El tama\u00f1o en miniatura y el dise\u00f1o montado en la pared facilitan el despliegue y el movimiento de forma flexible<\/li>\n<li>Ampl\u00ede f\u00e1cilmente la cobertura inal\u00e1mbrica con solo presionar el bot\u00f3n Range Extender<\/li>\n<li>El puerto Ethernet permite que el extensor funcione como un adaptador inal\u00e1mbrico para conectar dispositivos cableados<\/li>\n<li>La aplicaci\u00f3n Tether permite un f\u00e1cil acceso y administraci\u00f3n desde cualquier dispositivo m\u00f3vil<\/li>\n<li>Funci\u00f3n de control de LED incluye un modo nocturno de sue\u00f1o tranquilo<\/li>\n<\/ul>\n<\/div>\n","protected":false},"excerpt":{"rendered":"<p>Extensor de Cobertura Wi-Fi Universal a 300Mbps El modo Range Extender aumenta la se\u00f1al inal\u00e1mbrica a \u00e1reas previamente inalcanzables o dif\u00edciles de cablear sin problemas El tama\u00f1o en miniatura y el dise\u00f1o montado en la pared facilitan el despliegue y el movimiento de forma flexible Ampl\u00ede f\u00e1cilmente la cobertura inal\u00e1mbrica con solo presionar el bot\u00f3n &hellip;<\/p>\n<p class=\"read-more\"> <a class=\" thunk-readmore button \" href=\"https:\/\/ctsaul.com\/tienda\/producto\/extensor-de-rango-wifi-tl-wa850re-tp-link\/\"> <span class=\"screen-reader-text\">EXTENSOR DE RANGO WIFI TL-WA850RE TP-LINK<\/span>Leer m\u00e1s<\/a><\/p>\n","protected":false},"featured_media":1070,"comment_status":"open","ping_status":"closed","template":"","meta":[],"product_brand":[124],"product_cat":[162,160],"product_tag":[],"class_list":{"0":"post-1069","1":"product","2":"type-product","3":"status-publish","4":"has-post-thumbnail","6":"product_brand-tp-link","7":"product_cat-extensor-wifi","8":"product_cat-redes","9":"thunk-woo-product-list","10":"opn-qv-enable","11":"big-store-woo-hover-zoom","12":"open-single-product-tab-horizontal","13":"open-shadow-","14":"open-shadow-hover-","16":"first","17":"instock","18":"sale","19":"taxable","20":"shipping-taxable","21":"purchasable","22":"product-type-simple"},"_links":{"self":[{"href":"https:\/\/ctsaul.com\/tienda\/wp-json\/wp\/v2\/product\/1069","targetHints":{"allow":["GET"]}}],"collection":[{"href":"https:\/\/ctsaul.com\/tienda\/wp-json\/wp\/v2\/product"}],"about":[{"href":"https:\/\/ctsaul.com\/tienda\/wp-json\/wp\/v2\/types\/product"}],"replies":[{"embeddable":true,"href":"https:\/\/ctsaul.com\/tienda\/wp-json\/wp\/v2\/comments?post=1069"}],"wp:featuredmedia":[{"embeddable":true,"href":"https:\/\/ctsaul.com\/tienda\/wp-json\/wp\/v2\/media\/1070"}],"wp:attachment":[{"href":"https:\/\/ctsaul.com\/tienda\/wp-json\/wp\/v2\/media?parent=1069"}],"wp:term":[{"taxonomy":"product_brand","embeddable":true,"href":"https:\/\/ctsaul.com\/tienda\/wp-json\/wp\/v2\/product_brand?post=1069"},{"taxonomy":"product_cat","embeddable":true,"href":"https:\/\/ctsaul.com\/tienda\/wp-json\/wp\/v2\/product_cat?post=1069"},{"taxonomy":"product_tag","embeddable":true,"href":"https:\/\/ctsaul.com\/tienda\/wp-json\/wp\/v2\/product_tag?post=1069"}],"curies":[{"name":"wp","href":"https:\/\/api.w.org\/{rel}","templated":true}]}}