{"id":1067,"date":"2025-03-20T17:10:15","date_gmt":"2025-03-20T22:10:15","guid":{"rendered":"http:\/\/172.16.1.1\/tienda\/?post_type=product&#038;p=1067"},"modified":"2025-05-27T14:22:24","modified_gmt":"2025-05-27T19:22:24","slug":"extensor-de-rango-wifi-tl-wa855re-tp-link","status":"publish","type":"product","link":"https:\/\/ctsaul.com\/tienda\/producto\/extensor-de-rango-wifi-tl-wa855re-tp-link\/","title":{"rendered":"EXTENSOR DE RANGO WIFI TL-WA855RE TP-LINK"},"content":{"rendered":"<div class=\"box title\">\n<div>\n<h3 class=\"product-name\">Extensor de Cobertura Wi-Fi a 300Mbps<\/h3>\n<\/div>\n<\/div>\n<div class=\"box highlights\">\n<ul>\n<li>Aumenta la cobertura Wi-Fi existente para repartir conexiones inal\u00e1mbricas y cableadas de manera r\u00e1pida y fiable<\/li>\n<li>Antenas externas para un conexi\u00f3n Wi-Fi m\u00e1s r\u00e1pida y fiable<\/li>\n<li>Soporta el modo AP con el que podr\u00e1s crear un nuevo punto de acceso Wi-Fi<\/li>\n<li>Extiende tu cobertura Wi-Fi de forma sencilla pulsando el bot\u00f3n \u201c<em>Range Extender\u201d<\/em><\/li>\n<li>Configura la Programaci\u00f3n para el Ahorro de Energ\u00eda del extensor de cobertura<\/li>\n<li>La aplicaci\u00f3n Tether permite un acceso y gesti\u00f3n f\u00e1cil de manera mediante los dispositivos m\u00f3viles<\/li>\n<li>Funciona con cualquier Router Wi-Fi<\/li>\n<\/ul>\n<\/div>\n","protected":false},"excerpt":{"rendered":"<p>Extensor de Cobertura Wi-Fi a 300Mbps Aumenta la cobertura Wi-Fi existente para repartir conexiones inal\u00e1mbricas y cableadas de manera r\u00e1pida y fiable Antenas externas para un conexi\u00f3n Wi-Fi m\u00e1s r\u00e1pida y fiable Soporta el modo AP con el que podr\u00e1s crear un nuevo punto de acceso Wi-Fi Extiende tu cobertura Wi-Fi de forma sencilla pulsando &hellip;<\/p>\n<p class=\"read-more\"> <a class=\" thunk-readmore button \" href=\"https:\/\/ctsaul.com\/tienda\/producto\/extensor-de-rango-wifi-tl-wa855re-tp-link\/\"> <span class=\"screen-reader-text\">EXTENSOR DE RANGO WIFI TL-WA855RE TP-LINK<\/span>Leer m\u00e1s<\/a><\/p>\n","protected":false},"featured_media":1068,"comment_status":"open","ping_status":"closed","template":"","meta":[],"product_brand":[124],"product_cat":[162,160],"product_tag":[],"class_list":{"0":"post-1067","1":"product","2":"type-product","3":"status-publish","4":"has-post-thumbnail","6":"product_brand-tp-link","7":"product_cat-extensor-wifi","8":"product_cat-redes","9":"thunk-woo-product-list","10":"opn-qv-enable","11":"big-store-woo-hover-zoom","12":"open-single-product-tab-horizontal","13":"open-shadow-","14":"open-shadow-hover-","16":"first","17":"instock","18":"sale","19":"taxable","20":"shipping-taxable","21":"purchasable","22":"product-type-simple"},"_links":{"self":[{"href":"https:\/\/ctsaul.com\/tienda\/wp-json\/wp\/v2\/product\/1067","targetHints":{"allow":["GET"]}}],"collection":[{"href":"https:\/\/ctsaul.com\/tienda\/wp-json\/wp\/v2\/product"}],"about":[{"href":"https:\/\/ctsaul.com\/tienda\/wp-json\/wp\/v2\/types\/product"}],"replies":[{"embeddable":true,"href":"https:\/\/ctsaul.com\/tienda\/wp-json\/wp\/v2\/comments?post=1067"}],"wp:featuredmedia":[{"embeddable":true,"href":"https:\/\/ctsaul.com\/tienda\/wp-json\/wp\/v2\/media\/1068"}],"wp:attachment":[{"href":"https:\/\/ctsaul.com\/tienda\/wp-json\/wp\/v2\/media?parent=1067"}],"wp:term":[{"taxonomy":"product_brand","embeddable":true,"href":"https:\/\/ctsaul.com\/tienda\/wp-json\/wp\/v2\/product_brand?post=1067"},{"taxonomy":"product_cat","embeddable":true,"href":"https:\/\/ctsaul.com\/tienda\/wp-json\/wp\/v2\/product_cat?post=1067"},{"taxonomy":"product_tag","embeddable":true,"href":"https:\/\/ctsaul.com\/tienda\/wp-json\/wp\/v2\/product_tag?post=1067"}],"curies":[{"name":"wp","href":"https:\/\/api.w.org\/{rel}","templated":true}]}}