{"id":104,"date":"2025-02-18T11:08:46","date_gmt":"2025-02-18T16:08:46","guid":{"rendered":"http:\/\/172.16.1.1\/tienda\/?post_type=product&#038;p=104"},"modified":"2025-05-27T16:29:13","modified_gmt":"2025-05-27T21:29:13","slug":"combo-inalambrico-wx01-jaltech","status":"publish","type":"product","link":"https:\/\/ctsaul.com\/tienda\/producto\/combo-inalambrico-wx01-jaltech\/","title":{"rendered":"COMBO INAL\u00c1MBRICO WX01 JALTECH"},"content":{"rendered":"<div class=\"\" data-block=\"true\" data-editor=\"5rcoe\" data-offset-key=\"7otv5-0-0\">\n<div class=\"public-DraftStyleDefault-block public-DraftStyleDefault-ltr\" data-offset-key=\"7otv5-0-0\">\u00a0Este combo cumple con todas las caracter\u00edsticas necesarias para hacerte la vida m\u00e1s f\u00e1cil, aparte cuenta con un gran dise\u00f1o y materiales de alta calidad que te aseguran durabilidad.<\/div>\n<\/div>\n<div class=\"\" data-block=\"true\" data-editor=\"5rcoe\" data-offset-key=\"5lgeo-0-0\">\n<div class=\"public-DraftStyleDefault-block public-DraftStyleDefault-ltr\" data-offset-key=\"5lgeo-0-0\"><span data-offset-key=\"5lgeo-0-0\">\u00a0<\/span><\/div>\n<\/div>\n<div class=\"\" data-block=\"true\" data-editor=\"5rcoe\" data-offset-key=\"f32m9-0-0\">\n<div class=\"public-DraftStyleDefault-block public-DraftStyleDefault-ltr\" data-offset-key=\"f32m9-0-0\"><b>Caracter\u00edsticas:<\/b><\/div>\n<\/div>\n<div class=\"\" data-block=\"true\" data-editor=\"5rcoe\" data-offset-key=\"e2h6t-0-0\">\n<div class=\"public-DraftStyleDefault-block public-DraftStyleDefault-ltr\" data-offset-key=\"e2h6t-0-0\"><span data-offset-key=\"e2h6t-0-0\">-Empaque premium.<\/span><\/div>\n<\/div>\n<div class=\"\" data-block=\"true\" data-editor=\"5rcoe\" data-offset-key=\"v2nm-0-0\">\n<div class=\"public-DraftStyleDefault-block public-DraftStyleDefault-ltr\" data-offset-key=\"v2nm-0-0\"><span data-offset-key=\"v2nm-0-0\">-2.4 GHz.<\/span><\/div>\n<\/div>\n<div class=\"\" data-block=\"true\" data-editor=\"5rcoe\" data-offset-key=\"cf1eo-0-0\">\n<div class=\"public-DraftStyleDefault-block public-DraftStyleDefault-ltr\" data-offset-key=\"cf1eo-0-0\"><span data-offset-key=\"cf1eo-0-0\">-Sensor \u00f3ptico.<\/span><\/div>\n<\/div>\n<div class=\"\" data-block=\"true\" data-editor=\"5rcoe\" data-offset-key=\"3kder-0-0\">\n<div class=\"public-DraftStyleDefault-block public-DraftStyleDefault-ltr\" data-offset-key=\"3kder-0-0\"><span data-offset-key=\"3kder-0-0\">-1200 DPI.<\/span><\/div>\n<\/div>\n<div class=\"\" data-block=\"true\" data-editor=\"5rcoe\" data-offset-key=\"7pt2b-0-0\">\n<div class=\"public-DraftStyleDefault-block public-DraftStyleDefault-ltr\" data-offset-key=\"7pt2b-0-0\"><span data-offset-key=\"7pt2b-0-0\">-Micro receptor USB.<\/span><\/div>\n<\/div>\n<div class=\"\" data-block=\"true\" data-editor=\"5rcoe\" data-offset-key=\"9oqrr-0-0\">\n<div class=\"public-DraftStyleDefault-block public-DraftStyleDefault-ltr\" data-offset-key=\"9oqrr-0-0\"><span data-offset-key=\"9oqrr-0-0\">-Bater\u00edas AAA. no incluidas<\/span><\/div>\n<\/div>\n<div class=\"\" data-block=\"true\" data-editor=\"5rcoe\" data-offset-key=\"fvmn6-0-0\">\n<div class=\"public-DraftStyleDefault-block public-DraftStyleDefault-ltr\" data-offset-key=\"fvmn6-0-0\"><span data-offset-key=\"fvmn6-0-0\">-Teclado num\u00e9rico.<\/span><\/div>\n<\/div>\n<div class=\"\" data-block=\"true\" data-editor=\"5rcoe\" data-offset-key=\"cuf25-0-0\">\n<div class=\"public-DraftStyleDefault-block public-DraftStyleDefault-ltr\" data-offset-key=\"cuf25-0-0\"><span data-offset-key=\"cuf25-0-0\">-Teclado con membrana.<\/span><\/div>\n<\/div>\n","protected":false},"excerpt":{"rendered":"<p>\u00a0Este combo cumple con todas las caracter\u00edsticas necesarias para hacerte la vida m\u00e1s f\u00e1cil, aparte cuenta con un gran dise\u00f1o y materiales de alta calidad que te aseguran durabilidad. \u00a0 Caracter\u00edsticas: -Empaque premium. -2.4 GHz. -Sensor \u00f3ptico. -1200 DPI. -Micro receptor USB. -Bater\u00edas AAA. no incluidas -Teclado num\u00e9rico. -Teclado con membrana.<\/p>\n","protected":false},"featured_media":105,"comment_status":"open","ping_status":"closed","template":"","meta":[],"product_brand":[22],"product_cat":[18,25,19,21],"product_tag":[],"class_list":{"0":"post-104","1":"product","2":"type-product","3":"status-publish","4":"has-post-thumbnail","6":"product_brand-jaltech","7":"product_cat-accesoriospcyportatil","8":"product_cat-accesoriospc-accesoriospc","9":"product_cat-mouse","10":"product_cat-teclados","11":"thunk-woo-product-list","12":"opn-qv-enable","13":"big-store-woo-hover-zoom","14":"open-single-product-tab-horizontal","15":"open-shadow-","16":"open-shadow-hover-","18":"first","19":"instock","20":"sale","21":"taxable","22":"shipping-taxable","23":"purchasable","24":"product-type-simple"},"_links":{"self":[{"href":"https:\/\/ctsaul.com\/tienda\/wp-json\/wp\/v2\/product\/104","targetHints":{"allow":["GET"]}}],"collection":[{"href":"https:\/\/ctsaul.com\/tienda\/wp-json\/wp\/v2\/product"}],"about":[{"href":"https:\/\/ctsaul.com\/tienda\/wp-json\/wp\/v2\/types\/product"}],"replies":[{"embeddable":true,"href":"https:\/\/ctsaul.com\/tienda\/wp-json\/wp\/v2\/comments?post=104"}],"wp:featuredmedia":[{"embeddable":true,"href":"https:\/\/ctsaul.com\/tienda\/wp-json\/wp\/v2\/media\/105"}],"wp:attachment":[{"href":"https:\/\/ctsaul.com\/tienda\/wp-json\/wp\/v2\/media?parent=104"}],"wp:term":[{"taxonomy":"product_brand","embeddable":true,"href":"https:\/\/ctsaul.com\/tienda\/wp-json\/wp\/v2\/product_brand?post=104"},{"taxonomy":"product_cat","embeddable":true,"href":"https:\/\/ctsaul.com\/tienda\/wp-json\/wp\/v2\/product_cat?post=104"},{"taxonomy":"product_tag","embeddable":true,"href":"https:\/\/ctsaul.com\/tienda\/wp-json\/wp\/v2\/product_tag?post=104"}],"curies":[{"name":"wp","href":"https:\/\/api.w.org\/{rel}","templated":true}]}}