{"id":1026,"date":"2025-03-15T16:37:42","date_gmt":"2025-03-15T21:37:42","guid":{"rendered":"http:\/\/172.16.1.1\/tienda\/?post_type=product&#038;p=1026"},"modified":"2025-05-27T14:32:10","modified_gmt":"2025-05-27T19:32:10","slug":"cargador-para-acer-19v-3-42a-generico-jaltech-2","status":"publish","type":"product","link":"https:\/\/ctsaul.com\/tienda\/producto\/cargador-para-acer-19v-3-42a-generico-jaltech-2\/","title":{"rendered":"CARGADOR PARA ACER 19V &#8211; 3.42A GENERICO JALTECH"},"content":{"rendered":"<h3>CARGADOR PARA ACER 19V &#8211; 3.42A GENERICO JALTECH<\/h3>\n<p>Voltaje 19V, Amperaje: 2.37a, Potencia de Salida \/ Watts: 45w<br \/>\nIMPORTANTE: 2.37A \/ 3.42A son compatibles, el de 3.42\u00aa solo cargar\u00e1 un poco m\u00e1s r\u00e1pido el equipo. Podr\u00edas recibir de 2.37a o 3.42a<br \/>\n&#8211; Cable de poder plano de 1.5 mts<br \/>\n&#8211; Di\u00e1metro de conector: 5.5*1.7mm<br \/>\n&#8211; Voltaje de entrada 100V-240V<\/p>\n","protected":false},"excerpt":{"rendered":"<p>CARGADOR PARA ACER 19V &#8211; 3.42A GENERICO JALTECH Voltaje 19V, Amperaje: 2.37a, Potencia de Salida \/ Watts: 45w IMPORTANTE: 2.37A \/ 3.42A son compatibles, el de 3.42\u00aa solo cargar\u00e1 un poco m\u00e1s r\u00e1pido el equipo. Podr\u00edas recibir de 2.37a o 3.42a &#8211; Cable de poder plano de 1.5 mts &#8211; Di\u00e1metro de conector: 5.5*1.7mm &#8211; &hellip;<\/p>\n<p class=\"read-more\"> <a class=\" thunk-readmore button \" href=\"https:\/\/ctsaul.com\/tienda\/producto\/cargador-para-acer-19v-3-42a-generico-jaltech-2\/\"> <span class=\"screen-reader-text\">CARGADOR PARA ACER 19V &#8211; 3.42A GENERICO JALTECH<\/span>Leer m\u00e1s<\/a><\/p>\n","protected":false},"featured_media":1027,"comment_status":"open","ping_status":"closed","template":"","meta":[],"product_brand":[22],"product_cat":[153,150],"product_tag":[],"class_list":{"0":"post-1026","1":"product","2":"type-product","3":"status-publish","4":"has-post-thumbnail","6":"product_brand-jaltech","7":"product_cat-acer","8":"product_cat-cargador-para-portatil","9":"thunk-woo-product-list","10":"opn-qv-enable","11":"big-store-woo-hover-zoom","12":"open-single-product-tab-horizontal","13":"open-shadow-","14":"open-shadow-hover-","16":"first","17":"instock","18":"sale","19":"taxable","20":"shipping-taxable","21":"purchasable","22":"product-type-simple"},"_links":{"self":[{"href":"https:\/\/ctsaul.com\/tienda\/wp-json\/wp\/v2\/product\/1026","targetHints":{"allow":["GET"]}}],"collection":[{"href":"https:\/\/ctsaul.com\/tienda\/wp-json\/wp\/v2\/product"}],"about":[{"href":"https:\/\/ctsaul.com\/tienda\/wp-json\/wp\/v2\/types\/product"}],"replies":[{"embeddable":true,"href":"https:\/\/ctsaul.com\/tienda\/wp-json\/wp\/v2\/comments?post=1026"}],"wp:featuredmedia":[{"embeddable":true,"href":"https:\/\/ctsaul.com\/tienda\/wp-json\/wp\/v2\/media\/1027"}],"wp:attachment":[{"href":"https:\/\/ctsaul.com\/tienda\/wp-json\/wp\/v2\/media?parent=1026"}],"wp:term":[{"taxonomy":"product_brand","embeddable":true,"href":"https:\/\/ctsaul.com\/tienda\/wp-json\/wp\/v2\/product_brand?post=1026"},{"taxonomy":"product_cat","embeddable":true,"href":"https:\/\/ctsaul.com\/tienda\/wp-json\/wp\/v2\/product_cat?post=1026"},{"taxonomy":"product_tag","embeddable":true,"href":"https:\/\/ctsaul.com\/tienda\/wp-json\/wp\/v2\/product_tag?post=1026"}],"curies":[{"name":"wp","href":"https:\/\/api.w.org\/{rel}","templated":true}]}}