{"id":1007,"date":"2025-03-14T15:36:42","date_gmt":"2025-03-14T20:36:42","guid":{"rendered":"http:\/\/172.16.1.1\/tienda\/?post_type=product&#038;p=1007"},"modified":"2025-05-27T16:53:14","modified_gmt":"2025-05-27T21:53:14","slug":"cajon-monedero-40035-riel-metalico-jaltech","status":"publish","type":"product","link":"https:\/\/ctsaul.com\/tienda\/producto\/cajon-monedero-40035-riel-metalico-jaltech\/","title":{"rendered":"CAJ\u00d3N MONEDERO 40035 RIEL MET\u00c1LICO JALTECH"},"content":{"rendered":"<p>Caj\u00f3n monedero 40035 riel metalico de color negro marca JALTECH, con dise\u00f1o cl\u00e1sico, este producto cuenta con las siguientes caracter\u00edsticas:<\/p>\n<p>-Compartimentos de billetes: 4<br \/>\n-Compartimentos de monedas: 5<br \/>\n-Material metalico.<br \/>\n-Rodachines sobre riel metalico.<br \/>\n-Fuente de energ\u00eda 12V \/ 24V<br \/>\n-Interfaz: RJ11.<br \/>\n-Anchura de pulso 100-200 msec.<br \/>\n-3 opciones de seguridad: cerrado, manual y el\u00e9ctrico online.<br \/>\n-Vida \u00fatil: +1.000.000 de ciclos.<br \/>\n-Peso 5,6Kgs.<br \/>\n-Dimensiones: 350*405*90mm.<\/p>\n","protected":false},"excerpt":{"rendered":"<p>Caj\u00f3n monedero 40035 riel metalico de color negro marca JALTECH, con dise\u00f1o cl\u00e1sico, este producto cuenta con las siguientes caracter\u00edsticas: -Compartimentos de billetes: 4 -Compartimentos de monedas: 5 -Material metalico. -Rodachines sobre riel metalico. -Fuente de energ\u00eda 12V \/ 24V -Interfaz: RJ11. -Anchura de pulso 100-200 msec. -3 opciones de seguridad: cerrado, manual y el\u00e9ctrico &hellip;<\/p>\n<p class=\"read-more\"> <a class=\" thunk-readmore button \" href=\"https:\/\/ctsaul.com\/tienda\/producto\/cajon-monedero-40035-riel-metalico-jaltech\/\"> <span class=\"screen-reader-text\">CAJ\u00d3N MONEDERO 40035 RIEL MET\u00c1LICO JALTECH<\/span>Leer m\u00e1s<\/a><\/p>\n","protected":false},"featured_media":1008,"comment_status":"open","ping_status":"closed","template":"","meta":[],"product_brand":[22],"product_cat":[149,147],"product_tag":[],"class_list":{"0":"post-1007","1":"product","2":"type-product","3":"status-publish","4":"has-post-thumbnail","6":"product_brand-jaltech","7":"product_cat-cajon-monedero","8":"product_cat-punto-pos","9":"thunk-woo-product-list","10":"opn-qv-enable","11":"big-store-woo-hover-zoom","12":"open-single-product-tab-horizontal","13":"open-shadow-","14":"open-shadow-hover-","16":"first","17":"instock","18":"sale","19":"taxable","20":"shipping-taxable","21":"purchasable","22":"product-type-simple"},"_links":{"self":[{"href":"https:\/\/ctsaul.com\/tienda\/wp-json\/wp\/v2\/product\/1007","targetHints":{"allow":["GET"]}}],"collection":[{"href":"https:\/\/ctsaul.com\/tienda\/wp-json\/wp\/v2\/product"}],"about":[{"href":"https:\/\/ctsaul.com\/tienda\/wp-json\/wp\/v2\/types\/product"}],"replies":[{"embeddable":true,"href":"https:\/\/ctsaul.com\/tienda\/wp-json\/wp\/v2\/comments?post=1007"}],"wp:featuredmedia":[{"embeddable":true,"href":"https:\/\/ctsaul.com\/tienda\/wp-json\/wp\/v2\/media\/1008"}],"wp:attachment":[{"href":"https:\/\/ctsaul.com\/tienda\/wp-json\/wp\/v2\/media?parent=1007"}],"wp:term":[{"taxonomy":"product_brand","embeddable":true,"href":"https:\/\/ctsaul.com\/tienda\/wp-json\/wp\/v2\/product_brand?post=1007"},{"taxonomy":"product_cat","embeddable":true,"href":"https:\/\/ctsaul.com\/tienda\/wp-json\/wp\/v2\/product_cat?post=1007"},{"taxonomy":"product_tag","embeddable":true,"href":"https:\/\/ctsaul.com\/tienda\/wp-json\/wp\/v2\/product_tag?post=1007"}],"curies":[{"name":"wp","href":"https:\/\/api.w.org\/{rel}","templated":true}]}}