{"id":1003,"date":"2025-03-13T17:08:59","date_gmt":"2025-03-13T22:08:59","guid":{"rendered":"http:\/\/172.16.1.1\/tienda\/?post_type=product&#038;p=1003"},"modified":"2025-05-27T16:49:16","modified_gmt":"2025-05-27T21:49:16","slug":"regulador-con-elevador-ev-3000e-magom","status":"publish","type":"product","link":"https:\/\/ctsaul.com\/tienda\/producto\/regulador-con-elevador-ev-3000e-magom\/","title":{"rendered":"REGULADOR CON ELEVADOR EV 3000E MAGOM"},"content":{"rendered":"<h3>REGULADOR CON ELEVADOR EV 3000E MAGOM<\/h3>\n<p><strong><span style=\"vertical-align: inherit;\"><span style=\"vertical-align: inherit;\">CARACTER\u00cdSTICAS<\/span><\/span><\/strong><\/p>\n<ul>\n<li>Amplio rango de entrada<\/li>\n<li>Regulaci\u00f3n autom\u00e1tica de alto y bajo voltaje<\/li>\n<li>Supresor de picos de voltaje<\/li>\n<li>Proteccion de sobrecarga y cortocircuito<\/li>\n<li>Monitor de red el\u00e9ctrica<\/li>\n<li>Indicadores visuales de funcionamiento y niveles de voltaje de entrada<\/li>\n<li>Cuatro tomas de salida (m\u00e1ximo 15 amperios por toma)<\/li>\n<li>Regleta plastica para conexi\u00f3n de equipos de alta potencia (solo modelos EV 2000E en adelante)<\/li>\n<li>Reguladores robustos que soportan picos instantaneos de corriente superiores a su corriente nominal<\/li>\n<li>Tecnolog\u00eda de microcontrolador que garantiza confiabilidad y precisi\u00f3n en la regulaci\u00f3n<\/li>\n<li>Ideal para cargas cuyo arranque demanda altos consumos como motores y transformadores<\/li>\n<\/ul>\n","protected":false},"excerpt":{"rendered":"<p>REGULADOR CON ELEVADOR EV 3000E MAGOM CARACTER\u00cdSTICAS Amplio rango de entrada Regulaci\u00f3n autom\u00e1tica de alto y bajo voltaje Supresor de picos de voltaje Proteccion de sobrecarga y cortocircuito Monitor de red el\u00e9ctrica Indicadores visuales de funcionamiento y niveles de voltaje de entrada Cuatro tomas de salida (m\u00e1ximo 15 amperios por toma) Regleta plastica para conexi\u00f3n &hellip;<\/p>\n<p class=\"read-more\"> <a class=\" thunk-readmore button \" href=\"https:\/\/ctsaul.com\/tienda\/producto\/regulador-con-elevador-ev-3000e-magom\/\"> <span class=\"screen-reader-text\">REGULADOR CON ELEVADOR EV 3000E MAGOM<\/span>Leer m\u00e1s<\/a><\/p>\n","protected":false},"featured_media":1004,"comment_status":"open","ping_status":"closed","template":"","meta":[],"product_brand":[118],"product_cat":[143,146],"product_tag":[],"class_list":{"0":"post-1003","1":"product","2":"type-product","3":"status-publish","4":"has-post-thumbnail","6":"product_brand-magom","7":"product_cat-regulador-elevador-supresor","8":"product_cat-regulador-con-elevador","9":"thunk-woo-product-list","10":"opn-qv-enable","11":"big-store-woo-hover-zoom","12":"open-single-product-tab-horizontal","13":"open-shadow-","14":"open-shadow-hover-","16":"first","17":"instock","18":"sale","19":"taxable","20":"shipping-taxable","21":"purchasable","22":"product-type-simple"},"_links":{"self":[{"href":"https:\/\/ctsaul.com\/tienda\/wp-json\/wp\/v2\/product\/1003","targetHints":{"allow":["GET"]}}],"collection":[{"href":"https:\/\/ctsaul.com\/tienda\/wp-json\/wp\/v2\/product"}],"about":[{"href":"https:\/\/ctsaul.com\/tienda\/wp-json\/wp\/v2\/types\/product"}],"replies":[{"embeddable":true,"href":"https:\/\/ctsaul.com\/tienda\/wp-json\/wp\/v2\/comments?post=1003"}],"wp:featuredmedia":[{"embeddable":true,"href":"https:\/\/ctsaul.com\/tienda\/wp-json\/wp\/v2\/media\/1004"}],"wp:attachment":[{"href":"https:\/\/ctsaul.com\/tienda\/wp-json\/wp\/v2\/media?parent=1003"}],"wp:term":[{"taxonomy":"product_brand","embeddable":true,"href":"https:\/\/ctsaul.com\/tienda\/wp-json\/wp\/v2\/product_brand?post=1003"},{"taxonomy":"product_cat","embeddable":true,"href":"https:\/\/ctsaul.com\/tienda\/wp-json\/wp\/v2\/product_cat?post=1003"},{"taxonomy":"product_tag","embeddable":true,"href":"https:\/\/ctsaul.com\/tienda\/wp-json\/wp\/v2\/product_tag?post=1003"}],"curies":[{"name":"wp","href":"https:\/\/api.w.org\/{rel}","templated":true}]}}