{"id":2309,"date":"2026-03-17T09:37:44","date_gmt":"2026-03-17T14:37:44","guid":{"rendered":"https:\/\/ctsaul.com\/tienda\/?page_id=2309"},"modified":"2026-03-18T10:46:53","modified_gmt":"2026-03-18T15:46:53","slug":"servicios","status":"publish","type":"page","link":"https:\/\/ctsaul.com\/tienda\/servicios\/","title":{"rendered":"Servicios"},"content":{"rendered":"\n<div class=\"wp-block-media-text is-stacked-on-mobile\"><figure class=\"wp-block-media-text__media\"><img loading=\"lazy\" decoding=\"async\" width=\"1024\" height=\"683\" src=\"https:\/\/ctsaul.com\/tienda\/wp-content\/uploads\/2026\/03\/ChatGPT-Image-18-mar-2026-10_13_10-1024x683.png\" alt=\"\" class=\"wp-image-2339 size-full\" srcset=\"https:\/\/ctsaul.com\/tienda\/wp-content\/uploads\/2026\/03\/ChatGPT-Image-18-mar-2026-10_13_10-1024x683.png 1024w, https:\/\/ctsaul.com\/tienda\/wp-content\/uploads\/2026\/03\/ChatGPT-Image-18-mar-2026-10_13_10-300x200.png 300w, https:\/\/ctsaul.com\/tienda\/wp-content\/uploads\/2026\/03\/ChatGPT-Image-18-mar-2026-10_13_10-768x512.png 768w, https:\/\/ctsaul.com\/tienda\/wp-content\/uploads\/2026\/03\/ChatGPT-Image-18-mar-2026-10_13_10-600x400.png 600w, https:\/\/ctsaul.com\/tienda\/wp-content\/uploads\/2026\/03\/ChatGPT-Image-18-mar-2026-10_13_10-48x32.png 48w, https:\/\/ctsaul.com\/tienda\/wp-content\/uploads\/2026\/03\/ChatGPT-Image-18-mar-2026-10_13_10.png 1536w\" sizes=\"auto, (max-width: 1024px) 100vw, 1024px\" \/><\/figure><div class=\"wp-block-media-text__content\">\n<p><strong>Sistemas de Videovigilancia (CCTV):<\/strong>\u00a0Dise\u00f1o e instalaci\u00f3n de soluciones avanzadas de monitoreo en tiempo real<\/p>\n<\/div><\/div>\n\n\n\n<p> <\/p>\n\n\n\n<div class=\"wp-block-media-text is-stacked-on-mobile\"><figure class=\"wp-block-media-text__media\"><img loading=\"lazy\" decoding=\"async\" width=\"1024\" height=\"683\" src=\"https:\/\/ctsaul.com\/tienda\/wp-content\/uploads\/2026\/03\/d666567d-4505-472c-8cd0-b87abcbafe31-1024x683.png\" alt=\"\" class=\"wp-image-2340 size-full\" srcset=\"https:\/\/ctsaul.com\/tienda\/wp-content\/uploads\/2026\/03\/d666567d-4505-472c-8cd0-b87abcbafe31-1024x683.png 1024w, https:\/\/ctsaul.com\/tienda\/wp-content\/uploads\/2026\/03\/d666567d-4505-472c-8cd0-b87abcbafe31-300x200.png 300w, https:\/\/ctsaul.com\/tienda\/wp-content\/uploads\/2026\/03\/d666567d-4505-472c-8cd0-b87abcbafe31-768x512.png 768w, https:\/\/ctsaul.com\/tienda\/wp-content\/uploads\/2026\/03\/d666567d-4505-472c-8cd0-b87abcbafe31-600x400.png 600w, https:\/\/ctsaul.com\/tienda\/wp-content\/uploads\/2026\/03\/d666567d-4505-472c-8cd0-b87abcbafe31-48x32.png 48w, https:\/\/ctsaul.com\/tienda\/wp-content\/uploads\/2026\/03\/d666567d-4505-472c-8cd0-b87abcbafe31.png 1536w\" sizes=\"auto, (max-width: 1024px) 100vw, 1024px\" \/><\/figure><div class=\"wp-block-media-text__content\">\n<p><strong>Infraestructura de Servidores:<\/strong>\u00a0Implementaci\u00f3n, gesti\u00f3n y escalabilidad de centros de datos.<\/p>\n<\/div><\/div>\n\n\n\n<p> <\/p>\n\n\n\n<div class=\"wp-block-media-text is-stacked-on-mobile\"><figure class=\"wp-block-media-text__media\"><img loading=\"lazy\" decoding=\"async\" width=\"1024\" height=\"683\" src=\"https:\/\/ctsaul.com\/tienda\/wp-content\/uploads\/2026\/03\/561951f5-cbd2-4128-9d07-5350836f2dbc-1024x683.png\" alt=\"\" class=\"wp-image-2337 size-full\" srcset=\"https:\/\/ctsaul.com\/tienda\/wp-content\/uploads\/2026\/03\/561951f5-cbd2-4128-9d07-5350836f2dbc-1024x683.png 1024w, https:\/\/ctsaul.com\/tienda\/wp-content\/uploads\/2026\/03\/561951f5-cbd2-4128-9d07-5350836f2dbc-300x200.png 300w, https:\/\/ctsaul.com\/tienda\/wp-content\/uploads\/2026\/03\/561951f5-cbd2-4128-9d07-5350836f2dbc-768x512.png 768w, https:\/\/ctsaul.com\/tienda\/wp-content\/uploads\/2026\/03\/561951f5-cbd2-4128-9d07-5350836f2dbc-600x400.png 600w, https:\/\/ctsaul.com\/tienda\/wp-content\/uploads\/2026\/03\/561951f5-cbd2-4128-9d07-5350836f2dbc-48x32.png 48w, https:\/\/ctsaul.com\/tienda\/wp-content\/uploads\/2026\/03\/561951f5-cbd2-4128-9d07-5350836f2dbc.png 1536w\" sizes=\"auto, (max-width: 1024px) 100vw, 1024px\" \/><\/figure><div class=\"wp-block-media-text__content\">\n<p><strong>Soporte T\u00e9cnico Especializado:<\/strong>\u00a0Mantenimiento preventivo y correctivo de equipos de c\u00f3mputo para garantizar la continuidad operativa.<\/p>\n<\/div><\/div>\n\n\n\n<p> <\/p>\n\n\n\n<div class=\"wp-block-media-text is-stacked-on-mobile\"><figure class=\"wp-block-media-text__media\"><img loading=\"lazy\" decoding=\"async\" width=\"1024\" height=\"683\" src=\"https:\/\/ctsaul.com\/tienda\/wp-content\/uploads\/2026\/03\/e95efa81-f509-479f-a018-d0e810c622de-1024x683.png\" alt=\"\" class=\"wp-image-2341 size-full\" srcset=\"https:\/\/ctsaul.com\/tienda\/wp-content\/uploads\/2026\/03\/e95efa81-f509-479f-a018-d0e810c622de-1024x683.png 1024w, https:\/\/ctsaul.com\/tienda\/wp-content\/uploads\/2026\/03\/e95efa81-f509-479f-a018-d0e810c622de-300x200.png 300w, https:\/\/ctsaul.com\/tienda\/wp-content\/uploads\/2026\/03\/e95efa81-f509-479f-a018-d0e810c622de-768x512.png 768w, https:\/\/ctsaul.com\/tienda\/wp-content\/uploads\/2026\/03\/e95efa81-f509-479f-a018-d0e810c622de-600x400.png 600w, https:\/\/ctsaul.com\/tienda\/wp-content\/uploads\/2026\/03\/e95efa81-f509-479f-a018-d0e810c622de-48x32.png 48w, https:\/\/ctsaul.com\/tienda\/wp-content\/uploads\/2026\/03\/e95efa81-f509-479f-a018-d0e810c622de.png 1536w\" sizes=\"auto, (max-width: 1024px) 100vw, 1024px\" \/><\/figure><div class=\"wp-block-media-text__content\">\n<p><strong>Ciberseguridad:<\/strong>\u00a0Protecci\u00f3n integral de activos digitales y prevenci\u00f3n de vulnerabilidades.<\/p>\n<\/div><\/div>\n\n\n\n<p> <\/p>\n\n\n\n<div class=\"wp-block-media-text is-stacked-on-mobile\"><figure class=\"wp-block-media-text__media\"><img loading=\"lazy\" decoding=\"async\" width=\"1024\" height=\"683\" src=\"https:\/\/ctsaul.com\/tienda\/wp-content\/uploads\/2026\/03\/fb402830-cb52-46f7-9df3-c9c5c0b4ff16-1024x683.png\" alt=\"\" class=\"wp-image-2342 size-full\" srcset=\"https:\/\/ctsaul.com\/tienda\/wp-content\/uploads\/2026\/03\/fb402830-cb52-46f7-9df3-c9c5c0b4ff16-1024x683.png 1024w, https:\/\/ctsaul.com\/tienda\/wp-content\/uploads\/2026\/03\/fb402830-cb52-46f7-9df3-c9c5c0b4ff16-300x200.png 300w, https:\/\/ctsaul.com\/tienda\/wp-content\/uploads\/2026\/03\/fb402830-cb52-46f7-9df3-c9c5c0b4ff16-768x512.png 768w, https:\/\/ctsaul.com\/tienda\/wp-content\/uploads\/2026\/03\/fb402830-cb52-46f7-9df3-c9c5c0b4ff16-600x400.png 600w, https:\/\/ctsaul.com\/tienda\/wp-content\/uploads\/2026\/03\/fb402830-cb52-46f7-9df3-c9c5c0b4ff16-48x32.png 48w, https:\/\/ctsaul.com\/tienda\/wp-content\/uploads\/2026\/03\/fb402830-cb52-46f7-9df3-c9c5c0b4ff16.png 1536w\" sizes=\"auto, (max-width: 1024px) 100vw, 1024px\" \/><\/figure><div class=\"wp-block-media-text__content\">\n<p><strong>Conectividad y Redes:<\/strong>\u00a0Instalaci\u00f3n, configuraci\u00f3n y optimizaci\u00f3n de redes cableadas e inal\u00e1mbricas de alto rendimiento.\u00a0<\/p>\n<\/div><\/div>\n\n\n\n<p> <\/p>\n","protected":false},"excerpt":{"rendered":"<p>Sistemas de Videovigilancia (CCTV):\u00a0Dise\u00f1o e instalaci\u00f3n de soluciones avanzadas de monitoreo en tiempo real Infraestructura de Servidores:\u00a0Implementaci\u00f3n, gesti\u00f3n y escalabilidad de centros de datos. Soporte T\u00e9cnico Especializado:\u00a0Mantenimiento preventivo y correctivo de equipos de c\u00f3mputo para garantizar la continuidad operativa. Ciberseguridad:\u00a0Protecci\u00f3n integral de activos digitales y prevenci\u00f3n de vulnerabilidades. Conectividad y Redes:\u00a0Instalaci\u00f3n, configuraci\u00f3n y optimizaci\u00f3n de &hellip;<\/p>\n<p class=\"read-more\"> <a class=\" thunk-readmore button \" href=\"https:\/\/ctsaul.com\/tienda\/servicios\/\"> <span class=\"screen-reader-text\">Servicios<\/span>Leer m\u00e1s<\/a><\/p>\n","protected":false},"author":1,"featured_media":0,"parent":0,"menu_order":0,"comment_status":"closed","ping_status":"closed","template":"","meta":{"footnotes":""},"class_list":["post-2309","page","type-page","status-publish","hentry","thunk-woo-product-list","opn-qv-enable","big-store-woo-hover-zoom","open-single-product-tab-horizontal","open-shadow-","open-shadow-hover-"],"_links":{"self":[{"href":"https:\/\/ctsaul.com\/tienda\/wp-json\/wp\/v2\/pages\/2309","targetHints":{"allow":["GET"]}}],"collection":[{"href":"https:\/\/ctsaul.com\/tienda\/wp-json\/wp\/v2\/pages"}],"about":[{"href":"https:\/\/ctsaul.com\/tienda\/wp-json\/wp\/v2\/types\/page"}],"author":[{"embeddable":true,"href":"https:\/\/ctsaul.com\/tienda\/wp-json\/wp\/v2\/users\/1"}],"replies":[{"embeddable":true,"href":"https:\/\/ctsaul.com\/tienda\/wp-json\/wp\/v2\/comments?post=2309"}],"version-history":[{"count":0,"href":"https:\/\/ctsaul.com\/tienda\/wp-json\/wp\/v2\/pages\/2309\/revisions"}],"wp:attachment":[{"href":"https:\/\/ctsaul.com\/tienda\/wp-json\/wp\/v2\/media?parent=2309"}],"curies":[{"name":"wp","href":"https:\/\/api.w.org\/{rel}","templated":true}]}}