{"id":1193,"date":"2025-03-28T07:13:32","date_gmt":"2025-03-28T12:13:32","guid":{"rendered":"http:\/\/172.16.1.1\/tienda\/?page_id=1193"},"modified":"2025-04-15T17:28:26","modified_gmt":"2025-04-15T22:28:26","slug":"tiempo-de-entrega","status":"publish","type":"page","link":"https:\/\/ctsaul.com\/tienda\/tiempo-de-entrega\/","title":{"rendered":"Tiempo de entrega:"},"content":{"rendered":"\n<p>CENTRO DE TECNOLOGIA SAUL SAS realiza despachos a las diferentes ciudades y municipios del territorio colombiano a trav\u00e9s de ENVIA O SERVIENTREGA.<\/p>\n\n\n\n<p>La entrega de los productos var\u00eda de acuerdo donde este ubicado el cliente puede ser entre 3 y 5 d\u00edas h\u00e1biles, en temporada alta como diciembre pude ser el doble mencionado anteriormente o m\u00e1s.<br>Si el cliente quieres saber el estado de su env\u00edo y numero de gu\u00eda nos puede escribir whatsApp: 3006241757<\/p>\n\n\n\n<p>Costos de Env\u00edo<br>El costo ser\u00e1 calculado al momento de la compra y se indicar\u00e1 claramente antes de finalizar la transacci\u00f3n.<\/p>\n\n\n\n<p>Corte de env\u00edo<br>El pedido ser\u00e1 enviado a las 2:00pm del d\u00eda h\u00e1bil si el cliente comprar despu\u00e9s de esta hora se enviara al d\u00eda siguiente h\u00e1bil.<\/p>\n\n\n\n<p><\/p>\n","protected":false},"excerpt":{"rendered":"<p>CENTRO DE TECNOLOGIA SAUL SAS realiza despachos a las diferentes ciudades y municipios del territorio colombiano a trav\u00e9s de ENVIA O SERVIENTREGA. La entrega de los productos var\u00eda de acuerdo donde este ubicado el cliente puede ser entre 3 y 5 d\u00edas h\u00e1biles, en temporada alta como diciembre pude ser el doble mencionado anteriormente o &hellip;<\/p>\n<p class=\"read-more\"> <a class=\" thunk-readmore button \" href=\"https:\/\/ctsaul.com\/tienda\/tiempo-de-entrega\/\"> <span class=\"screen-reader-text\">Tiempo de entrega:<\/span>Leer m\u00e1s<\/a><\/p>\n","protected":false},"author":1,"featured_media":0,"parent":0,"menu_order":0,"comment_status":"closed","ping_status":"closed","template":"","meta":{"footnotes":""},"class_list":["post-1193","page","type-page","status-publish","hentry","thunk-woo-product-list","opn-qv-enable","big-store-woo-hover-zoom","open-single-product-tab-horizontal","open-shadow-","open-shadow-hover-"],"_links":{"self":[{"href":"https:\/\/ctsaul.com\/tienda\/wp-json\/wp\/v2\/pages\/1193","targetHints":{"allow":["GET"]}}],"collection":[{"href":"https:\/\/ctsaul.com\/tienda\/wp-json\/wp\/v2\/pages"}],"about":[{"href":"https:\/\/ctsaul.com\/tienda\/wp-json\/wp\/v2\/types\/page"}],"author":[{"embeddable":true,"href":"https:\/\/ctsaul.com\/tienda\/wp-json\/wp\/v2\/users\/1"}],"replies":[{"embeddable":true,"href":"https:\/\/ctsaul.com\/tienda\/wp-json\/wp\/v2\/comments?post=1193"}],"version-history":[{"count":0,"href":"https:\/\/ctsaul.com\/tienda\/wp-json\/wp\/v2\/pages\/1193\/revisions"}],"wp:attachment":[{"href":"https:\/\/ctsaul.com\/tienda\/wp-json\/wp\/v2\/media?parent=1193"}],"curies":[{"name":"wp","href":"https:\/\/api.w.org\/{rel}","templated":true}]}}