{"id":1168,"date":"2025-04-19T14:44:08","date_gmt":"2025-04-19T19:44:08","guid":{"rendered":"http:\/\/172.16.1.1\/tienda\/?page_id=1168"},"modified":"2025-04-19T15:54:20","modified_gmt":"2025-04-19T20:54:20","slug":"nuestra-empresa","status":"publish","type":"page","link":"https:\/\/ctsaul.com\/tienda\/nuestra-empresa\/","title":{"rendered":"Nuestra empresa"},"content":{"rendered":"\n<p>CENTRO DE TECNOLOGIA SAUL SAS es una empresa dedicada asesoramiento en tecnolog\u00eda, estamos enfocados en conocer y atender las necesidades de nuestros clientes corporativos, logrando convertirnos en su aliado estrat\u00e9gico ofreci\u00e9ndolas mejores opciones en servicio, generando un acompa\u00f1amiento y apoyo en el logro de las metas.<br>Somos una empresa que ofrece soluciones tecnol\u00f3gicas a las medidas de las necesidades de nuestros consumidores apoyados en la innovaci\u00f3n y calidad reuniendo estrat\u00e9gicamente las principales marcas a nivel mundial, con m\u00e1s de 25 a\u00f1os de experiencia en el mercado ofreciendo un excelente servicio al cliente, con personal id\u00f3neo altamente calificado y comprometido.<\/p>\n\n\n\n<div class=\"wp-block-group is-nowrap is-layout-flex wp-container-core-group-is-layout-6c531013 wp-block-group-is-layout-flex\">\n<figure class=\"wp-block-image size-full\"><img loading=\"lazy\" decoding=\"async\" width=\"77\" height=\"77\" src=\"https:\/\/ctsaul.com\/tienda\/wp-content\/uploads\/2025\/04\/image-2.png\" alt=\"\" class=\"wp-image-1637\" srcset=\"https:\/\/ctsaul.com\/tienda\/wp-content\/uploads\/2025\/04\/image-2.png 77w, https:\/\/ctsaul.com\/tienda\/wp-content\/uploads\/2025\/04\/image-2-48x48.png 48w\" sizes=\"auto, (max-width: 77px) 100vw, 77px\" \/><\/figure>\n\n\n\n<p>Queremos lograr la lealtad de nuestros consumidores a trav\u00e9s de precios bajos, calidad y asesor\u00eda al cliente aumentando en ventas y competitividad, buscamos un crecimiento en el mercado y posicionamiento de marca adapt\u00e1ndonos a los cambios tecnol\u00f3gicos.<\/p>\n<\/div>\n\n\n\n<div class=\"wp-block-group is-nowrap is-layout-flex wp-container-core-group-is-layout-6c531013 wp-block-group-is-layout-flex\">\n<figure class=\"wp-block-image size-full\"><img loading=\"lazy\" decoding=\"async\" width=\"77\" height=\"77\" src=\"https:\/\/ctsaul.com\/tienda\/wp-content\/uploads\/2025\/04\/image-1-3.png\" alt=\"\" class=\"wp-image-1638\" srcset=\"https:\/\/ctsaul.com\/tienda\/wp-content\/uploads\/2025\/04\/image-1-3.png 77w, https:\/\/ctsaul.com\/tienda\/wp-content\/uploads\/2025\/04\/image-1-3-48x48.png 48w\" sizes=\"auto, (max-width: 77px) 100vw, 77px\" \/><\/figure>\n\n\n\n<p>PARTNERS<br>Centro de Tecnolog\u00eda Saul SAS en su estrategia comercial cuenta con las alianzas de las siguientes marcas con el fin de otorgarle a nuestros clientes corporativos una ventaja competitiva a trav\u00e9s de modelos de negocios.<\/p>\n<\/div>\n\n\n\n<p><\/p>\n","protected":false},"excerpt":{"rendered":"<p>CENTRO DE TECNOLOGIA SAUL SAS es una empresa dedicada asesoramiento en tecnolog\u00eda, estamos enfocados en conocer y atender las necesidades de nuestros clientes corporativos, logrando convertirnos en su aliado estrat\u00e9gico ofreci\u00e9ndolas mejores opciones en servicio, generando un acompa\u00f1amiento y apoyo en el logro de las metas.Somos una empresa que ofrece soluciones tecnol\u00f3gicas a las medidas &hellip;<\/p>\n<p class=\"read-more\"> <a class=\" thunk-readmore button \" href=\"https:\/\/ctsaul.com\/tienda\/nuestra-empresa\/\"> <span class=\"screen-reader-text\">Nuestra empresa<\/span>Leer m\u00e1s<\/a><\/p>\n","protected":false},"author":1,"featured_media":0,"parent":0,"menu_order":0,"comment_status":"closed","ping_status":"closed","template":"","meta":{"footnotes":""},"class_list":["post-1168","page","type-page","status-publish","hentry","thunk-woo-product-list","opn-qv-enable","big-store-woo-hover-zoom","open-single-product-tab-horizontal","open-shadow-","open-shadow-hover-"],"_links":{"self":[{"href":"https:\/\/ctsaul.com\/tienda\/wp-json\/wp\/v2\/pages\/1168","targetHints":{"allow":["GET"]}}],"collection":[{"href":"https:\/\/ctsaul.com\/tienda\/wp-json\/wp\/v2\/pages"}],"about":[{"href":"https:\/\/ctsaul.com\/tienda\/wp-json\/wp\/v2\/types\/page"}],"author":[{"embeddable":true,"href":"https:\/\/ctsaul.com\/tienda\/wp-json\/wp\/v2\/users\/1"}],"replies":[{"embeddable":true,"href":"https:\/\/ctsaul.com\/tienda\/wp-json\/wp\/v2\/comments?post=1168"}],"version-history":[{"count":0,"href":"https:\/\/ctsaul.com\/tienda\/wp-json\/wp\/v2\/pages\/1168\/revisions"}],"wp:attachment":[{"href":"https:\/\/ctsaul.com\/tienda\/wp-json\/wp\/v2\/media?parent=1168"}],"curies":[{"name":"wp","href":"https:\/\/api.w.org\/{rel}","templated":true}]}}